{"id":3,"date":"2022-10-04T10:59:55","date_gmt":"2022-10-04T08:59:55","guid":{"rendered":"https:\/\/www.auersperg.at\/new\/?page_id=3"},"modified":"2023-11-21T18:22:37","modified_gmt":"2023-11-21T17:22:37","slug":"datenschutzerklaerung","status":"publish","type":"page","link":"https:\/\/www.auersperg.at\/en\/datenschutzerklaerung\/","title":{"rendered":"Datenschutzerkl\u00e4rung"},"content":{"rendered":"<div data-elementor-type=\"wp-page\" data-elementor-id=\"3\" class=\"elementor elementor-3\" data-elementor-post-type=\"page\">\n\t\t\t\t\t\t<section class=\"elementor-section elementor-top-section elementor-element elementor-element-3c0e8ae3 elementor-section-boxed elementor-section-height-default elementor-section-height-default\" data-id=\"3c0e8ae3\" data-element_type=\"section\" data-e-type=\"section\">\n\t\t\t\t\t\t<div class=\"elementor-container elementor-column-gap-default\">\n\t\t\t\t\t<div class=\"elementor-column elementor-col-100 elementor-top-column elementor-element elementor-element-3d76832c\" data-id=\"3d76832c\" data-element_type=\"column\" data-e-type=\"column\">\n\t\t\t<div class=\"elementor-widget-wrap elementor-element-populated\">\n\t\t\t\t\t\t<div class=\"elementor-element elementor-element-a7d9db6 elementor-widget elementor-widget-heading\" data-id=\"a7d9db6\" data-element_type=\"widget\" data-e-type=\"widget\" data-widget_type=\"heading.default\">\n\t\t\t\t<div class=\"elementor-widget-container\">\n\t\t\t\t\t<h2 class=\"elementor-heading-title elementor-size-default\">Datenschutz<\/h2>\t\t\t\t<\/div>\n\t\t\t\t<\/div>\n\t\t\t\t<div class=\"elementor-element elementor-element-3550d981 elementor-widget elementor-widget-text-editor\" data-id=\"3550d981\" data-element_type=\"widget\" data-e-type=\"widget\" data-widget_type=\"text-editor.default\">\n\t\t\t\t<div class=\"elementor-widget-container\">\n\t\t\t\t\t\t\t\t\t<p><\/p>\n<p>Die Nutzung dieser Website kann mit der Verarbeitung von personenbezogenen Daten verbunden sein. Damit diese Verarbeitungen f\u00fcr Sie nachvollziehbar sind, m\u00f6chten wir Ihnen mit den folgenden Informationen einen \u00dcberblick zu diesen Verarbeitungen verschaffen. Um eine faire Verarbeitung zu gew\u00e4hrleisten, m\u00f6chten wir Sie au\u00dferdem \u00fcber Ihre Rechte nach der Europ\u00e4ischen Datenschutz-Grundverordnung (DSGVO) und dem Bundesdatenschutzgesetz (BDSG) informieren.<\/p>\n<p>&nbsp;<\/p>\n<p><\/p>\n<h3 class=\"wp-block-heading\">datenverarbeitung &amp; nutzereingaben<\/h3>\n<p><\/p>\n<p><\/p>\n<p>Wenn Sie per Formular auf der Webseite, per E-Mail, pers\u00f6nlich oder telefonisch mit uns Kontakt aufnehmen, werden Ihre angegebenen Daten (Vorname, Nachname, E-Mailadresse und andere pers\u00f6nliche Informationen) zwecks Bearbeitung Ihrer Anfrage, Auftragserf\u00fcllung und f\u00fcr den Fall von Anschlussfragen von uns gespeichert. Wir verwenden diese von uns selbst erfassten personenbezogenen Informationen nur innerhalb des Unternehmens selbst. Die Daten werden in unseren elektronischen Verarbeitungsprogrammen sowie analog verarbeitet. Die Daten, die wir von Ihnen erfragen, werden nur im Rahmen der gesetzlichen Verpflichtungen (Meldewesen, Buchhaltung) an Dritte weitergegeben. F\u00fcr jede dar\u00fcber hinausgehende f\u00fcr die Vertragserf\u00fcllung notwendige Datenweitergabe an Dritte holen wir Ihr Einverst\u00e4ndnis ein.&nbsp;Wir wenden \u00e4u\u00dferste Sorgfalt an, um Ihre pers\u00f6nlichen Angaben zu sch\u00fctzen.&nbsp;<\/p>\n<p><\/p>\n<p><\/p>\n<h2 class=\"wp-block-heading\">&nbsp;<\/h2>\n<p><\/p>\n<p><\/p>\n<h3>newsletter<\/h3>\n<p>Sie haben die M\u00f6glichkeit, \u00fcber unsere Website unseren Newsletter zu abonnieren. Hierf\u00fcr ben\u00f6tigen wir Ihre E-Mail-Adresse und ihre Erkl\u00e4rung, dass Sie mit dem Bezug des Newsletters einverstanden sind. Sobald Sie sich f\u00fcr den Newsletter angemeldet haben, senden wir Ihnen ein Best\u00e4tigungs-E-Mail mit einem Link zur Best\u00e4tigung der Anmeldung. Das Abo des Newsletters k\u00f6nnen Sie jederzeit stornieren. Klicken Sie hierf\u00fcr auf den Abmeldelink des Newsletters.<\/p>\n<p>&nbsp;<\/p>\n<p><\/p>\n<p><\/p>\n<h3 class=\"wp-block-heading\">google analytics<\/h3>\n<div>Diese Website benutzt Google Analytics und Google Remarketing. Dies sind Dienstleistungen der Google Inc. (&#8222;Google&#8220;). Google verwendet sog. &#8222;Cookies&#8220;, Textdateien, die auf Ihrem Computer gespeichert werden und die eine Analyse der Benutzung der Website durch Sie erm\u00f6glicht. Die durch den Cookie erzeugten Informationen \u00fcber Ihre Benutzung diese Website (einschlie\u00dflich Ihrer IP-Adresse) wird an einen Server von Google in den USA \u00fcbertragen und dort gespeichert. Achtung Universal Analytics unterst\u00fctzt die Datenerfassung ohne Browsercookies. Die IP Adresse wird anschlie\u00dfend von Google um die letzten drei Stellen gek\u00fcrzt, eine eindeutige Zuordnung der IP Adresse ist somit nicht mehr m\u00f6glich. Google beachtet die Datenschutzbestimmungen des &#8222;US-Safe-Harbor&#8220;-Abkommens und ist beim &#8222;Safe Harbor&#8220;-Programm des US-Handelsministeriums registriert.<br>\nGoogle wird diese Informationen benutzen, um Ihre Nutzung der Website auszuwerten, um Reports \u00fcber die Websiteaktivit\u00e4ten f\u00fcr die Websitebetreiber zusammenzustellen und um weitere mit der Websitenutzung und der Internetnutzung verbundene Dienstleistungen zu erbringen. Auch wird Google diese Informationen gegebenenfalls an Dritte \u00fcbertragen, sofern dies gesetzlich vorgeschrieben oder soweit Dritte diese Daten im Auftrag von Google verarbeiten.<p><\/p>\n<p>Drittanbieter, einschlie\u00dflich Google, schalten Anzeigen auf Websites im Internet. Drittanbieter, einschlie\u00dflich Google, verwenden gespeicherte Cookies zum Schalten von Anzeigen auf Grundlage vorheriger Besuche eines Nutzers auf dieser Website.<\/p>\n<p>Google wird in keinem Fall Ihre IP-Adresse mit anderen Daten der Google in Verbindung bringen. Der Datenerhebung und -speicherung kann jederzeit mit Wirkung f\u00fcr die Zukunft widersprochen werden. Sie k\u00f6nnen die Verwendung von Cookies durch Google durch eine entsprechende Einstellung Ihrer Browser Software deaktivieren, indem sie die Seite www.google.de\/privacy\/ads aufrufen und den \u201eopt-out&#8220; Button bet\u00e4tigen. Alternativ k\u00f6nnen Sie die Verwendung von Cookies durch Drittanbieter deaktivieren, indem sie die Deaktivierungsseite der Netzwerkwerbeinitiative unter www.networkadvertising.org\/managing\/opt_out.asp aufrufen. Weitere Hinweise zu den Bestimmungen von Google finden Sie unter www.google.com\/intl\/de\/privacy.<\/p>\n<p>Wir weisen Sie jedoch darauf hin, dass Sie in diesem Fall gegebenenfalls nicht s\u00e4mtliche Funktionen dieser Website voll umf\u00e4nglich nutzen k\u00f6nnen. Durch die Nutzung dieser Website erkl\u00e4ren Sie sich mit der Bearbeitung der \u00fcber Sie erhobenen Daten durch Google in der zuvor beschriebenen Art und Weise und zu dem zuvor benannten Zweck einverstanden.<\/p>\n<\/div>\n<div>&nbsp;<\/div>\n<h3>cookies<\/h3>\n<p><\/p>\n<p><\/p>\n<p>&nbsp;<\/p>\n<p><\/p>\n<p><\/p>\n<h3 class=\"wp-block-heading\" style=\"font-family: Montserrat, sans-serif; color: #555555;\">eingebettete inhalte<\/h3>\n<p><\/p>\n<p><\/p>\n<p>Beitr\u00e4ge auf dieser Website k\u00f6nnen eingebettete Inhalte beinhalten (z.&nbsp;B. Videos, Bilder, Beitr\u00e4ge etc.). Eingebettete Inhalte von anderen Websites verhalten sich exakt so, als ob der Besucher die andere Website besucht h\u00e4tte.<\/p>\n<p>&nbsp;<\/p>\n<p><\/p>\n<p><\/p>\n<h3 class=\"wp-block-heading\" style=\"font-family: Montserrat, sans-serif; color: #555555;\">rechte an den eigenen daten<\/h3>\n<p><\/p>\n<p><\/p>\n<p>Nach EU-Datenschutz-Grundverordnung (<a href=\"https:\/\/www.dsb.gv.at\/\">DSGVO<\/a>), dem Datenschutzgesetz &nbsp;bzw. dem Bundesgesetzblatt 2017\/120 der Republik \u00d6sterreich mit endg\u00fcltiger Wirksamkeit 25.5.2018 haben Nutzer das Recht, auf Antrag unentgeltlich Auskunft \u00fcber die personenbezogenen Daten zu erhalten, die wir \u00fcber sie gespeichert haben. Zus\u00e4tzlich hat jeder Kunde bzw. Nutzer jederzeit das Recht auf Berichtigung unrichtiger Daten, Sperrung und L\u00f6schung (\u201eRecht auf Vergessenwerden\u201c) seiner personenbezogene Daten, soweit dem keine gesetzliche Aufbewahrungs- oder Meldepflichtpflicht entgegensteht. Wir verwenden personenbezogene Daten f\u00fcr G\u00e4steverwaltung, Kommunikation, Statistiken, Buchhaltung und Marketing.<\/p>\n<p>Kontaktieren Sie uns gerne unter: <a href=\"mailto:info@auersperg.at\">info@auersperg.at<\/a><\/p>\n<p><\/p>\n<p><\/p>\n<p><\/p>\t\t\t\t\t\t\t\t<\/div>\n\t\t\t\t<\/div>\n\t\t\t\t\t<\/div>\n\t\t<\/div>\n\t\t\t\t\t<\/div>\n\t\t<\/section>\n\t\t\t\t<\/div>","protected":false},"excerpt":{"rendered":"<p>Datenschutz Die Nutzung dieser Website kann mit der Verarbeitung von personenbezogenen Daten verbunden sein. Damit diese Verarbeitungen f\u00fcr Sie nachvollziehbar sind, m\u00f6chten wir Ihnen mit den folgenden Informationen einen \u00dcberblick zu diesen Verarbeitungen verschaffen. Um eine faire Verarbeitung zu gew\u00e4hrleisten, m\u00f6chten wir Sie au\u00dferdem \u00fcber Ihre Rechte nach der Europ\u00e4ischen Datenschutz-Grundverordnung (DSGVO) und dem Bundesdatenschutzgesetz [&hellip;]<\/p>\n","protected":false},"author":3,"featured_media":0,"parent":0,"menu_order":0,"comment_status":"closed","ping_status":"open","template":"","meta":{"footnotes":""},"class_list":["post-3","page","type-page","status-publish","hentry"],"_links":{"self":[{"href":"https:\/\/www.auersperg.at\/en\/wp-json\/wp\/v2\/pages\/3","targetHints":{"allow":["GET"]}}],"collection":[{"href":"https:\/\/www.auersperg.at\/en\/wp-json\/wp\/v2\/pages"}],"about":[{"href":"https:\/\/www.auersperg.at\/en\/wp-json\/wp\/v2\/types\/page"}],"author":[{"embeddable":true,"href":"https:\/\/www.auersperg.at\/en\/wp-json\/wp\/v2\/users\/3"}],"replies":[{"embeddable":true,"href":"https:\/\/www.auersperg.at\/en\/wp-json\/wp\/v2\/comments?post=3"}],"version-history":[{"count":18,"href":"https:\/\/www.auersperg.at\/en\/wp-json\/wp\/v2\/pages\/3\/revisions"}],"predecessor-version":[{"id":3583,"href":"https:\/\/www.auersperg.at\/en\/wp-json\/wp\/v2\/pages\/3\/revisions\/3583"}],"wp:attachment":[{"href":"https:\/\/www.auersperg.at\/en\/wp-json\/wp\/v2\/media?parent=3"}],"curies":[{"name":"wp","href":"https:\/\/api.w.org\/{rel}","templated":true}]}}