{"id":3216,"date":"2023-06-07T13:48:15","date_gmt":"2023-06-07T11:48:15","guid":{"rendered":"https:\/\/www.auersperg.at\/new\/?page_id=3216"},"modified":"2023-06-15T12:01:01","modified_gmt":"2023-06-15T10:01:01","slug":"impressum","status":"publish","type":"page","link":"https:\/\/www.auersperg.at\/en\/impressum\/","title":{"rendered":"Impressum"},"content":{"rendered":"<div data-elementor-type=\"wp-page\" data-elementor-id=\"3216\" class=\"elementor elementor-3216\" data-elementor-post-type=\"page\">\n\t\t\t\t\t\t<section class=\"elementor-section elementor-top-section elementor-element elementor-element-78718e5 elementor-section-boxed elementor-section-height-default elementor-section-height-default\" data-id=\"78718e5\" data-element_type=\"section\" data-e-type=\"section\">\n\t\t\t\t\t\t<div class=\"elementor-container elementor-column-gap-default\">\n\t\t\t\t\t<div class=\"elementor-column elementor-col-100 elementor-top-column elementor-element elementor-element-0af56eb\" data-id=\"0af56eb\" data-element_type=\"column\" data-e-type=\"column\">\n\t\t\t<div class=\"elementor-widget-wrap\">\n\t\t\t\t\t\t\t<\/div>\n\t\t<\/div>\n\t\t\t\t\t<\/div>\n\t\t<\/section>\n\t\t\t\t<section class=\"elementor-section elementor-top-section elementor-element elementor-element-8c2a3ff elementor-section-boxed elementor-section-height-default elementor-section-height-default\" data-id=\"8c2a3ff\" data-element_type=\"section\" data-e-type=\"section\">\n\t\t\t\t\t\t<div class=\"elementor-container elementor-column-gap-default\">\n\t\t\t\t\t<div class=\"elementor-column elementor-col-100 elementor-top-column elementor-element elementor-element-31c9f20\" data-id=\"31c9f20\" data-element_type=\"column\" data-e-type=\"column\">\n\t\t\t<div class=\"elementor-widget-wrap elementor-element-populated\">\n\t\t\t\t\t\t<div class=\"elementor-element elementor-element-ab4779e elementor-widget elementor-widget-heading\" data-id=\"ab4779e\" data-element_type=\"widget\" data-e-type=\"widget\" data-widget_type=\"heading.default\">\n\t\t\t\t<div class=\"elementor-widget-container\">\n\t\t\t\t\t<h2 class=\"elementor-heading-title elementor-size-default\">Impressum<\/h2>\t\t\t\t<\/div>\n\t\t\t\t<\/div>\n\t\t\t\t<div class=\"elementor-element elementor-element-9bdb0f0 elementor-widget elementor-widget-text-editor\" data-id=\"9bdb0f0\" data-element_type=\"widget\" data-e-type=\"widget\" data-widget_type=\"text-editor.default\">\n\t\t\t\t<div class=\"elementor-widget-container\">\n\t\t\t\t\t\t\t\t\t<p><strong>HOTEL &amp; VILLA AUERSPERG<\/strong><\/p><p>Auerspergstra\u00dfe 61,<br \/>5020 Salzburg<br \/>\u00d6sterreich<br \/>Tel.: +43 (0) 662 88 9 44-0<br \/>Fax.: +43 (0) 662 88 9 44-55<br \/>E-Mail:\u00a0<a style=\"font-family: var( --e-global-typography-text-font-family ), Sans-serif; font-size: var( --e-global-typography-text-font-size ); font-weight: var( --e-global-typography-text-font-weight );\" href=\"mailto:info@auersperg.at\" target=\"_blank\" rel=\"noopener\">info@auersperg.at<\/a><\/p><p>FN 230128z<br \/><span style=\"color: var( --e-global-color-1d9ab9b ); font-family: var( --e-global-typography-text-font-family ), Sans-serif; font-size: var( --e-global-typography-text-font-size ); font-weight: var( --e-global-typography-text-font-weight );\">Gerichtsstand Salzburg<\/span><\/p><p>UID: ATU 56516844<br \/>Wirtschaftskammer Salzburg<\/p><p>Fachgruppe: Hotellerie<\/p><p>\u00a0<\/p><p><strong>Fotonachweis:<\/strong><br \/>FOTO FLAUSEN, Nectar &amp; Pulse, Klaus Vhynalek, Delia Ennemoser, Bio Paradies<\/p><p>\u00a0<\/p><p><strong>Corporate Design Auersperg:<br \/><\/strong>Delia Ennemoser<br \/>Andrea Struijk-Debus<\/p><p>\u00a0<\/p><p><strong>Umsetzung und Programmierung:<br \/><\/strong>Delia Ennemoser<br \/>&amp;<br \/>fedia | web. e-commerce. grafik. it.<br \/>Hauser-Prommegger OG<br \/>5440 Golling, Markt 303<br \/>c.hauser@fedia.at<br \/>www.fedia.at<\/p><p>\u00a0<\/p><p><strong>Rechtliche Hinweise<\/strong><\/p><p>Der Inhalt dieser Website ist urheberrechtlich gesch\u00fctzt. Die Bereitstellung von Inhalten und Bildmaterial dieser Website auf anderen Websites ist nur mit ausdr\u00fccklicher Genehmigung gestattet. Die auf dieser Website enthaltenen Angaben werden nach bestem Wissen erstellt und mit gro\u00dfer Sorgfalt auf ihre Richtigkeit \u00fcberpr\u00fcft.<br \/>Trotzdem sind inhaltliche und sachliche Fehler nicht vollst\u00e4ndig auszuschlie\u00dfen. Das Hotel Miramonte \u00fcbernimmt deshalb keinerlei Garantie und Haftung f\u00fcr die Richtigkeit, Aktualit\u00e4t und Vollst\u00e4ndigkeit der bereitgestellten Informationen. Alle Angaben sind ohne Gew\u00e4hr. Dies gilt auch f\u00fcr alle Links zu anderen URLs, die auf unserer Website genannt werden.<\/p><p>Die Haftung f\u00fcr Verlinkungen: Trotz sorgf\u00e4ltiger inhaltlicher Kontrolle \u00fcbernehmen wir keine Haftung f\u00fcr die Inhalte externer Links. F\u00fcr den Inhalt der verlinkten Seiten sind ausschlie\u00dflich deren Betreiber verantwortlich. Ihre pers\u00f6nlichen Daten werden vertraulich behandelt und nicht an Dritte weitergegeben.<\/p>\t\t\t\t\t\t\t\t<\/div>\n\t\t\t\t<\/div>\n\t\t\t\t\t<\/div>\n\t\t<\/div>\n\t\t\t\t\t<\/div>\n\t\t<\/section>\n\t\t\t\t<\/div>","protected":false},"excerpt":{"rendered":"<p>Impressum HOTEL &amp; VILLA AUERSPERG Auerspergstra\u00dfe 61,5020 Salzburg\u00d6sterreichTel.: +43 (0) 662 88 9 44-0Fax.: +43 (0) 662 88 9 44-55E-Mail:\u00a0info@auersperg.at FN 230128zGerichtsstand Salzburg UID: ATU 56516844Wirtschaftskammer Salzburg Fachgruppe: Hotellerie \u00a0 Fotonachweis:FOTO FLAUSEN, Nectar &amp; Pulse, Klaus Vhynalek, Delia Ennemoser, Bio Paradies \u00a0 Corporate Design Auersperg:Delia EnnemoserAndrea Struijk-Debus \u00a0 Umsetzung und Programmierung:Delia Ennemoser&amp;fedia | web. e-commerce. [&hellip;]<\/p>\n","protected":false},"author":3,"featured_media":0,"parent":0,"menu_order":0,"comment_status":"closed","ping_status":"closed","template":"","meta":{"footnotes":""},"class_list":["post-3216","page","type-page","status-publish","hentry"],"_links":{"self":[{"href":"https:\/\/www.auersperg.at\/en\/wp-json\/wp\/v2\/pages\/3216","targetHints":{"allow":["GET"]}}],"collection":[{"href":"https:\/\/www.auersperg.at\/en\/wp-json\/wp\/v2\/pages"}],"about":[{"href":"https:\/\/www.auersperg.at\/en\/wp-json\/wp\/v2\/types\/page"}],"author":[{"embeddable":true,"href":"https:\/\/www.auersperg.at\/en\/wp-json\/wp\/v2\/users\/3"}],"replies":[{"embeddable":true,"href":"https:\/\/www.auersperg.at\/en\/wp-json\/wp\/v2\/comments?post=3216"}],"version-history":[{"count":13,"href":"https:\/\/www.auersperg.at\/en\/wp-json\/wp\/v2\/pages\/3216\/revisions"}],"predecessor-version":[{"id":3262,"href":"https:\/\/www.auersperg.at\/en\/wp-json\/wp\/v2\/pages\/3216\/revisions\/3262"}],"wp:attachment":[{"href":"https:\/\/www.auersperg.at\/en\/wp-json\/wp\/v2\/media?parent=3216"}],"curies":[{"name":"wp","href":"https:\/\/api.w.org\/{rel}","templated":true}]}}