{"id":46,"date":"2022-10-11T11:54:18","date_gmt":"2022-10-11T09:54:18","guid":{"rendered":"https:\/\/www.auersperg.at\/new\/?page_id=46"},"modified":"2025-07-21T12:19:21","modified_gmt":"2025-07-21T10:19:21","slug":"garten","status":"publish","type":"page","link":"https:\/\/www.auersperg.at\/en\/garten\/","title":{"rendered":"GARDEN"},"content":{"rendered":"<div data-elementor-type=\"wp-page\" data-elementor-id=\"46\" class=\"elementor elementor-46\" data-elementor-post-type=\"page\">\n\t\t\t\t\t\t<section class=\"elementor-section elementor-top-section elementor-element elementor-element-a0b2b3b elementor-section-height-min-height elementor-section-boxed elementor-section-height-default elementor-section-items-middle\" data-id=\"a0b2b3b\" data-element_type=\"section\" data-settings=\"{&quot;background_background&quot;:&quot;classic&quot;}\">\n\t\t\t\t\t\t<div class=\"elementor-container elementor-column-gap-default\">\n\t\t\t\t\t<div class=\"elementor-column elementor-col-100 elementor-top-column elementor-element elementor-element-072f3f4\" data-id=\"072f3f4\" data-element_type=\"column\">\n\t\t\t<div class=\"elementor-widget-wrap\">\n\t\t\t\t\t\t\t<\/div>\n\t\t<\/div>\n\t\t\t\t\t<\/div>\n\t\t<\/section>\n\t\t\t\t<section class=\"elementor-section elementor-top-section elementor-element elementor-element-cae400e elementor-section-boxed elementor-section-height-default elementor-section-height-default\" data-id=\"cae400e\" data-element_type=\"section\" data-settings=\"{&quot;background_background&quot;:&quot;classic&quot;}\">\n\t\t\t\t\t\t<div class=\"elementor-container elementor-column-gap-default\">\n\t\t\t\t\t<div class=\"elementor-column elementor-col-100 elementor-top-column elementor-element elementor-element-7bdc8a9\" data-id=\"7bdc8a9\" data-element_type=\"column\">\n\t\t\t<div class=\"elementor-widget-wrap elementor-element-populated\">\n\t\t\t\t\t\t<div class=\"elementor-element elementor-element-37f6073 elementor-widget elementor-widget-heading\" data-id=\"37f6073\" data-element_type=\"widget\" data-settings=\"{&quot;_animation&quot;:&quot;none&quot;}\" data-widget_type=\"heading.default\">\n\t\t\t\t<div class=\"elementor-widget-container\">\n\t\t\t\t\t<h2 class=\"elementor-heading-title elementor-size-default\">An oasis in the middle of the city<\/h2>\t\t\t\t<\/div>\n\t\t\t\t<\/div>\n\t\t\t\t<div class=\"elementor-element elementor-element-abbce63 elementor-widget elementor-widget-text-editor\" data-id=\"abbce63\" data-element_type=\"widget\" data-settings=\"{&quot;_animation&quot;:&quot;none&quot;}\" data-widget_type=\"text-editor.default\">\n\t\t\t\t<div class=\"elementor-widget-container\">\n\t\t\t\t\t\t\t\t\t<p>You will discover a blooming garden in the middle <br \/>of the city of Salzburg behind our house - <br \/>shielded from the hustle and bustle of the city.<\/p>\t\t\t\t\t\t\t\t<\/div>\n\t\t\t\t<\/div>\n\t\t\t\t\t<\/div>\n\t\t<\/div>\n\t\t\t\t\t<\/div>\n\t\t<\/section>\n\t\t\t\t<section class=\"elementor-section elementor-top-section elementor-element elementor-element-6773151 elementor-section-boxed elementor-section-height-default elementor-section-height-default\" data-id=\"6773151\" data-element_type=\"section\">\n\t\t\t\t\t\t<div class=\"elementor-container elementor-column-gap-default\">\n\t\t\t\t\t<div class=\"elementor-column elementor-col-50 elementor-top-column elementor-element elementor-element-0f9fe94\" data-id=\"0f9fe94\" data-element_type=\"column\">\n\t\t\t<div class=\"elementor-widget-wrap elementor-element-populated\">\n\t\t\t\t\t\t<div class=\"elementor-element elementor-element-4e6fb92 elementor-hidden-desktop elementor-hidden-tablet elementor-invisible elementor-widget elementor-widget-image\" data-id=\"4e6fb92\" data-element_type=\"widget\" data-settings=\"{&quot;_animation&quot;:&quot;fadeInRight&quot;,&quot;_animation_mobile&quot;:&quot;none&quot;}\" data-widget_type=\"image.default\">\n\t\t\t\t<div class=\"elementor-widget-container\">\n\t\t\t\t\t\t\t\t\t\t\t\t\t\t\t<img fetchpriority=\"high\" decoding=\"async\" width=\"800\" height=\"719\" src=\"https:\/\/www.auersperg.at\/wp-content\/uploads\/2022\/11\/HotelVillaAuersperg_Garden2-e1668851132264-1024x920.jpg\" class=\"attachment-large size-large wp-image-680\" alt=\"\" srcset=\"https:\/\/www.auersperg.at\/wp-content\/uploads\/2022\/11\/HotelVillaAuersperg_Garden2-e1668851132264-1024x920.jpg 1024w, https:\/\/www.auersperg.at\/wp-content\/uploads\/2022\/11\/HotelVillaAuersperg_Garden2-e1668851132264-300x269.jpg 300w, https:\/\/www.auersperg.at\/wp-content\/uploads\/2022\/11\/HotelVillaAuersperg_Garden2-e1668851132264-768x690.jpg 768w, https:\/\/www.auersperg.at\/wp-content\/uploads\/2022\/11\/HotelVillaAuersperg_Garden2-e1668851132264-13x12.jpg 13w, https:\/\/www.auersperg.at\/wp-content\/uploads\/2022\/11\/HotelVillaAuersperg_Garden2-e1668851132264.jpg 1315w\" sizes=\"(max-width: 800px) 100vw, 800px\" \/>\t\t\t\t\t\t\t\t\t\t\t\t\t\t\t<\/div>\n\t\t\t\t<\/div>\n\t\t\t\t<div class=\"elementor-element elementor-element-71a41c0 elementor-widget elementor-widget-heading\" data-id=\"71a41c0\" data-element_type=\"widget\" data-widget_type=\"heading.default\">\n\t\t\t\t<div class=\"elementor-widget-container\">\n\t\t\t\t\t<h2 class=\"elementor-heading-title elementor-size-default\">A place to clear the mind<\/h2>\t\t\t\t<\/div>\n\t\t\t\t<\/div>\n\t\t\t\t<div class=\"elementor-element elementor-element-5b4c937 elementor-widget elementor-widget-text-editor\" data-id=\"5b4c937\" data-element_type=\"widget\" data-settings=\"{&quot;_animation&quot;:&quot;none&quot;,&quot;_animation_mobile&quot;:&quot;none&quot;}\" data-widget_type=\"text-editor.default\">\n\t\t\t\t<div class=\"elementor-widget-container\">\n\t\t\t\t\t\t\t\t\t<p>On the sunloungers in the middle of the garden you can listen to the gentle splashing of the fountain and quiet buzzing of our bees.<\/p>\t\t\t\t\t\t\t\t<\/div>\n\t\t\t\t<\/div>\n\t\t\t\t<div class=\"elementor-element elementor-element-69ee5be elementor-hidden-desktop elementor-hidden-tablet elementor-invisible elementor-widget elementor-widget-image\" data-id=\"69ee5be\" data-element_type=\"widget\" data-settings=\"{&quot;_animation&quot;:&quot;fadeInLeft&quot;,&quot;_animation_mobile&quot;:&quot;none&quot;}\" data-widget_type=\"image.default\">\n\t\t\t\t<div class=\"elementor-widget-container\">\n\t\t\t\t\t\t\t\t\t\t\t\t\t\t\t<img decoding=\"async\" width=\"800\" height=\"709\" src=\"https:\/\/www.auersperg.at\/wp-content\/uploads\/2022\/11\/VYH4633-scaled-e1668852681707-1024x908.jpg\" class=\"attachment-large size-large wp-image-683\" alt=\"\" srcset=\"https:\/\/www.auersperg.at\/wp-content\/uploads\/2022\/11\/VYH4633-scaled-e1668852681707-1024x908.jpg 1024w, https:\/\/www.auersperg.at\/wp-content\/uploads\/2022\/11\/VYH4633-scaled-e1668852681707-300x266.jpg 300w, https:\/\/www.auersperg.at\/wp-content\/uploads\/2022\/11\/VYH4633-scaled-e1668852681707-768x681.jpg 768w, https:\/\/www.auersperg.at\/wp-content\/uploads\/2022\/11\/VYH4633-scaled-e1668852681707-1536x1361.jpg 1536w, https:\/\/www.auersperg.at\/wp-content\/uploads\/2022\/11\/VYH4633-scaled-e1668852681707-14x12.jpg 14w, https:\/\/www.auersperg.at\/wp-content\/uploads\/2022\/11\/VYH4633-scaled-e1668852681707.jpg 1926w\" sizes=\"(max-width: 800px) 100vw, 800px\" \/>\t\t\t\t\t\t\t\t\t\t\t\t\t\t\t<\/div>\n\t\t\t\t<\/div>\n\t\t\t\t<div class=\"elementor-element elementor-element-9a30444 elementor-hidden-mobile elementor-widget elementor-widget-image\" data-id=\"9a30444\" data-element_type=\"widget\" data-settings=\"{&quot;_animation&quot;:&quot;none&quot;}\" data-widget_type=\"image.default\">\n\t\t\t\t<div class=\"elementor-widget-container\">\n\t\t\t\t\t\t\t\t\t\t\t\t\t\t\t<img decoding=\"async\" width=\"800\" height=\"709\" src=\"https:\/\/www.auersperg.at\/wp-content\/uploads\/2022\/11\/VYH4633-scaled-e1668852681707-1024x908.jpg\" class=\"attachment-large size-large wp-image-683\" alt=\"\" srcset=\"https:\/\/www.auersperg.at\/wp-content\/uploads\/2022\/11\/VYH4633-scaled-e1668852681707-1024x908.jpg 1024w, https:\/\/www.auersperg.at\/wp-content\/uploads\/2022\/11\/VYH4633-scaled-e1668852681707-300x266.jpg 300w, https:\/\/www.auersperg.at\/wp-content\/uploads\/2022\/11\/VYH4633-scaled-e1668852681707-768x681.jpg 768w, https:\/\/www.auersperg.at\/wp-content\/uploads\/2022\/11\/VYH4633-scaled-e1668852681707-1536x1361.jpg 1536w, https:\/\/www.auersperg.at\/wp-content\/uploads\/2022\/11\/VYH4633-scaled-e1668852681707-14x12.jpg 14w, https:\/\/www.auersperg.at\/wp-content\/uploads\/2022\/11\/VYH4633-scaled-e1668852681707.jpg 1926w\" sizes=\"(max-width: 800px) 100vw, 800px\" \/>\t\t\t\t\t\t\t\t\t\t\t\t\t\t\t<\/div>\n\t\t\t\t<\/div>\n\t\t\t\t<div class=\"elementor-element elementor-element-797526d elementor-hidden-mobile elementor-widget elementor-widget-text-editor\" data-id=\"797526d\" data-element_type=\"widget\" data-widget_type=\"text-editor.default\">\n\t\t\t\t<div class=\"elementor-widget-container\">\n\t\t\t\t\t\t\t\t\t<p>Open daily from 06:30 a.m. to midnight<\/p>\t\t\t\t\t\t\t\t<\/div>\n\t\t\t\t<\/div>\n\t\t\t\t\t<\/div>\n\t\t<\/div>\n\t\t\t\t<div class=\"elementor-column elementor-col-50 elementor-top-column elementor-element elementor-element-e92b202\" data-id=\"e92b202\" data-element_type=\"column\">\n\t\t\t<div class=\"elementor-widget-wrap elementor-element-populated\">\n\t\t\t\t\t\t<div class=\"elementor-element elementor-element-80aeabe elementor-hidden-mobile elementor-widget elementor-widget-image\" data-id=\"80aeabe\" data-element_type=\"widget\" data-settings=\"{&quot;_animation&quot;:&quot;none&quot;}\" data-widget_type=\"image.default\">\n\t\t\t\t<div class=\"elementor-widget-container\">\n\t\t\t\t\t\t\t\t\t\t\t\t\t\t\t<img fetchpriority=\"high\" decoding=\"async\" width=\"800\" height=\"719\" src=\"https:\/\/www.auersperg.at\/wp-content\/uploads\/2022\/11\/HotelVillaAuersperg_Garden2-e1668851132264-1024x920.jpg\" class=\"attachment-large size-large wp-image-680\" alt=\"\" srcset=\"https:\/\/www.auersperg.at\/wp-content\/uploads\/2022\/11\/HotelVillaAuersperg_Garden2-e1668851132264-1024x920.jpg 1024w, https:\/\/www.auersperg.at\/wp-content\/uploads\/2022\/11\/HotelVillaAuersperg_Garden2-e1668851132264-300x269.jpg 300w, https:\/\/www.auersperg.at\/wp-content\/uploads\/2022\/11\/HotelVillaAuersperg_Garden2-e1668851132264-768x690.jpg 768w, https:\/\/www.auersperg.at\/wp-content\/uploads\/2022\/11\/HotelVillaAuersperg_Garden2-e1668851132264-13x12.jpg 13w, https:\/\/www.auersperg.at\/wp-content\/uploads\/2022\/11\/HotelVillaAuersperg_Garden2-e1668851132264.jpg 1315w\" sizes=\"(max-width: 800px) 100vw, 800px\" \/>\t\t\t\t\t\t\t\t\t\t\t\t\t\t\t<\/div>\n\t\t\t\t<\/div>\n\t\t\t\t<div class=\"elementor-element elementor-element-82048a5 elementor-widget elementor-widget-heading\" data-id=\"82048a5\" data-element_type=\"widget\" data-widget_type=\"heading.default\">\n\t\t\t\t<div class=\"elementor-widget-container\">\n\t\t\t\t\t<h2 class=\"elementor-heading-title elementor-size-default\">Garden terrace<\/h2>\t\t\t\t<\/div>\n\t\t\t\t<\/div>\n\t\t\t\t<div class=\"elementor-element elementor-element-93ca117 elementor-widget elementor-widget-text-editor\" data-id=\"93ca117\" data-element_type=\"widget\" data-settings=\"{&quot;_animation&quot;:&quot;none&quot;}\" data-widget_type=\"text-editor.default\">\n\t\t\t\t<div class=\"elementor-widget-container\">\n\t\t\t\t\t\t\t\t\t<p>Enjoy breakfast, caf\u00e9 &amp; cake, fine drinks and fresh dishes from the restaurant in our garden terrace.<\/p>\t\t\t\t\t\t\t\t<\/div>\n\t\t\t\t<\/div>\n\t\t\t\t<div class=\"elementor-element elementor-element-ed07449 elementor-align-center elementor-widget elementor-widget-button\" data-id=\"ed07449\" data-element_type=\"widget\" data-settings=\"{&quot;_animation&quot;:&quot;none&quot;,&quot;_animation_mobile&quot;:&quot;fadeInUp&quot;}\" data-widget_type=\"button.default\">\n\t\t\t\t<div class=\"elementor-widget-container\">\n\t\t\t\t\t\t\t\t\t<div class=\"elementor-button-wrapper\">\n\t\t\t\t\t<a class=\"elementor-button elementor-button-link elementor-size-sm\" href=\"https:\/\/www.auersperg.at\/en\/fruehstueck\/\">\n\t\t\t\t\t\t<span class=\"elementor-button-content-wrapper\">\n\t\t\t\t\t\t\t\t\t<span class=\"elementor-button-text\">Breakfast<\/span>\n\t\t\t\t\t<\/span>\n\t\t\t\t\t<\/a>\n\t\t\t\t<\/div>\n\t\t\t\t\t\t\t\t<\/div>\n\t\t\t\t<\/div>\n\t\t\t\t<div class=\"elementor-element elementor-element-d0cbcf3 elementor-align-center elementor-widget elementor-widget-button\" data-id=\"d0cbcf3\" data-element_type=\"widget\" data-settings=\"{&quot;_animation&quot;:&quot;none&quot;,&quot;_animation_mobile&quot;:&quot;fadeInUp&quot;}\" data-widget_type=\"button.default\">\n\t\t\t\t<div class=\"elementor-widget-container\">\n\t\t\t\t\t\t\t\t\t<div class=\"elementor-button-wrapper\">\n\t\t\t\t\t<a class=\"elementor-button elementor-button-link elementor-size-sm\" href=\"https:\/\/www.auersperg.at\/en\/a-bar-lounge\/\">\n\t\t\t\t\t\t<span class=\"elementor-button-content-wrapper\">\n\t\t\t\t\t\t\t\t\t<span class=\"elementor-button-text\">A* Bar & Lounge<\/span>\n\t\t\t\t\t<\/span>\n\t\t\t\t\t<\/a>\n\t\t\t\t<\/div>\n\t\t\t\t\t\t\t\t<\/div>\n\t\t\t\t<\/div>\n\t\t\t\t<div class=\"elementor-element elementor-element-f860590 elementor-widget elementor-widget-image\" data-id=\"f860590\" data-element_type=\"widget\" data-settings=\"{&quot;_animation&quot;:&quot;none&quot;,&quot;_animation_mobile&quot;:&quot;none&quot;}\" data-widget_type=\"image.default\">\n\t\t\t\t<div class=\"elementor-widget-container\">\n\t\t\t\t\t\t\t\t\t\t\t\t\t\t\t<img decoding=\"async\" width=\"800\" height=\"532\" src=\"https:\/\/www.auersperg.at\/wp-content\/uploads\/2022\/11\/vyh4449-43-1600-1000-80.jpeg\" class=\"attachment-large size-large wp-image-684\" alt=\"\" srcset=\"https:\/\/www.auersperg.at\/wp-content\/uploads\/2022\/11\/vyh4449-43-1600-1000-80.jpeg 800w, https:\/\/www.auersperg.at\/wp-content\/uploads\/2022\/11\/vyh4449-43-1600-1000-80-300x200.jpeg 300w, https:\/\/www.auersperg.at\/wp-content\/uploads\/2022\/11\/vyh4449-43-1600-1000-80-768x511.jpeg 768w, https:\/\/www.auersperg.at\/wp-content\/uploads\/2022\/11\/vyh4449-43-1600-1000-80-18x12.jpeg 18w\" sizes=\"(max-width: 800px) 100vw, 800px\" \/>\t\t\t\t\t\t\t\t\t\t\t\t\t\t\t<\/div>\n\t\t\t\t<\/div>\n\t\t\t\t<div class=\"elementor-element elementor-element-6e4ea0e elementor-hidden-desktop elementor-hidden-tablet elementor-widget elementor-widget-text-editor\" data-id=\"6e4ea0e\" data-element_type=\"widget\" data-widget_type=\"text-editor.default\">\n\t\t\t\t<div class=\"elementor-widget-container\">\n\t\t\t\t\t\t\t\t\t<p>Open daily from 06:30 a.m. to midnight<\/p>\t\t\t\t\t\t\t\t<\/div>\n\t\t\t\t<\/div>\n\t\t\t\t\t<\/div>\n\t\t<\/div>\n\t\t\t\t\t<\/div>\n\t\t<\/section>\n\t\t\t\t<section class=\"elementor-section elementor-top-section elementor-element elementor-element-0edf9bd elementor-hidden-desktop elementor-hidden-tablet elementor-section-boxed elementor-section-height-default elementor-section-height-default\" data-id=\"0edf9bd\" data-element_type=\"section\">\n\t\t\t\t\t\t<div class=\"elementor-container elementor-column-gap-default\">\n\t\t\t\t\t<div class=\"elementor-column elementor-col-100 elementor-top-column elementor-element elementor-element-b1a5361\" data-id=\"b1a5361\" data-element_type=\"column\">\n\t\t\t<div class=\"elementor-widget-wrap elementor-element-populated\">\n\t\t\t\t\t\t<div class=\"elementor-element elementor-element-55f95f7 elementor-widget elementor-widget-image\" data-id=\"55f95f7\" data-element_type=\"widget\" data-settings=\"{&quot;_animation_mobile&quot;:&quot;none&quot;}\" data-widget_type=\"image.default\">\n\t\t\t\t<div class=\"elementor-widget-container\">\n\t\t\t\t\t\t\t\t\t\t\t\t\t\t\t<img loading=\"lazy\" decoding=\"async\" width=\"800\" height=\"532\" src=\"https:\/\/www.auersperg.at\/wp-content\/uploads\/2022\/11\/vyh4441-42-1600-1000-80.jpeg\" class=\"attachment-large size-large wp-image-688\" alt=\"\" srcset=\"https:\/\/www.auersperg.at\/wp-content\/uploads\/2022\/11\/vyh4441-42-1600-1000-80.jpeg 800w, https:\/\/www.auersperg.at\/wp-content\/uploads\/2022\/11\/vyh4441-42-1600-1000-80-300x200.jpeg 300w, https:\/\/www.auersperg.at\/wp-content\/uploads\/2022\/11\/vyh4441-42-1600-1000-80-768x511.jpeg 768w, https:\/\/www.auersperg.at\/wp-content\/uploads\/2022\/11\/vyh4441-42-1600-1000-80-18x12.jpeg 18w\" sizes=\"(max-width: 800px) 100vw, 800px\" \/>\t\t\t\t\t\t\t\t\t\t\t\t\t\t\t<\/div>\n\t\t\t\t<\/div>\n\t\t\t\t\t<\/div>\n\t\t<\/div>\n\t\t\t\t\t<\/div>\n\t\t<\/section>\n\t\t\t\t<section class=\"elementor-section elementor-top-section elementor-element elementor-element-48e4674 elementor-hidden-desktop elementor-hidden-tablet elementor-section-boxed elementor-section-height-default elementor-section-height-default\" data-id=\"48e4674\" data-element_type=\"section\" data-settings=\"{&quot;background_background&quot;:&quot;classic&quot;}\">\n\t\t\t\t\t\t<div class=\"elementor-container elementor-column-gap-default\">\n\t\t\t\t\t<div class=\"elementor-column elementor-col-100 elementor-top-column elementor-element elementor-element-696cf72\" data-id=\"696cf72\" data-element_type=\"column\" data-settings=\"{&quot;animation_mobile&quot;:&quot;none&quot;}\">\n\t\t\t<div class=\"elementor-widget-wrap elementor-element-populated\">\n\t\t\t\t\t\t<div class=\"elementor-element elementor-element-c5378b3 elementor-widget elementor-widget-heading\" data-id=\"c5378b3\" data-element_type=\"widget\" data-settings=\"{&quot;_animation_mobile&quot;:&quot;none&quot;}\" data-widget_type=\"heading.default\">\n\t\t\t\t<div class=\"elementor-widget-container\">\n\t\t\t\t\t<h2 class=\"elementor-heading-title elementor-size-default\">Our bees<\/h2>\t\t\t\t<\/div>\n\t\t\t\t<\/div>\n\t\t\t\t<div class=\"elementor-element elementor-element-27e5990 elementor-widget elementor-widget-text-editor\" data-id=\"27e5990\" data-element_type=\"widget\" data-settings=\"{&quot;_animation_mobile&quot;:&quot;none&quot;}\" data-widget_type=\"text-editor.default\">\n\t\t\t\t<div class=\"elementor-widget-container\">\n\t\t\t\t\t\t\t\t\t<p>Among many flowers and herbs our bees feel comfortable.<br \/>Honey from our own garden is available at the breakfast buffet.<\/p>\t\t\t\t\t\t\t\t<\/div>\n\t\t\t\t<\/div>\n\t\t\t\t<div class=\"elementor-element elementor-element-8fe46a5 elementor-align-center elementor-widget elementor-widget-button\" data-id=\"8fe46a5\" data-element_type=\"widget\" data-widget_type=\"button.default\">\n\t\t\t\t<div class=\"elementor-widget-container\">\n\t\t\t\t\t\t\t\t\t<div class=\"elementor-button-wrapper\">\n\t\t\t\t\t<a class=\"elementor-button elementor-button-link elementor-size-sm\" href=\"\">\n\t\t\t\t\t\t<span class=\"elementor-button-content-wrapper\">\n\t\t\t\t\t\t\t\t\t<span class=\"elementor-button-text\">Breakfast<\/span>\n\t\t\t\t\t<\/span>\n\t\t\t\t\t<\/a>\n\t\t\t\t<\/div>\n\t\t\t\t\t\t\t\t<\/div>\n\t\t\t\t<\/div>\n\t\t\t\t\t<\/div>\n\t\t<\/div>\n\t\t\t\t\t<\/div>\n\t\t<\/section>\n\t\t\t\t<section class=\"elementor-section elementor-top-section elementor-element elementor-element-50b2d09 elementor-hidden-mobile elementor-section-boxed elementor-section-height-default elementor-section-height-default\" data-id=\"50b2d09\" data-element_type=\"section\" data-settings=\"{&quot;background_background&quot;:&quot;classic&quot;}\">\n\t\t\t\t\t\t<div class=\"elementor-container elementor-column-gap-default\">\n\t\t\t\t\t<div class=\"elementor-column elementor-col-50 elementor-top-column elementor-element elementor-element-3c7a832\" data-id=\"3c7a832\" data-element_type=\"column\" data-settings=\"{&quot;background_background&quot;:&quot;classic&quot;,&quot;animation&quot;:&quot;none&quot;}\">\n\t\t\t<div class=\"elementor-widget-wrap elementor-element-populated\">\n\t\t\t\t\t\t<div class=\"elementor-element elementor-element-2376dd1 elementor-widget elementor-widget-heading\" data-id=\"2376dd1\" data-element_type=\"widget\" data-settings=\"{&quot;_animation&quot;:&quot;none&quot;}\" data-widget_type=\"heading.default\">\n\t\t\t\t<div class=\"elementor-widget-container\">\n\t\t\t\t\t<h2 class=\"elementor-heading-title elementor-size-default\">Our bees<\/h2>\t\t\t\t<\/div>\n\t\t\t\t<\/div>\n\t\t\t\t<div class=\"elementor-element elementor-element-7a65857 elementor-widget elementor-widget-text-editor\" data-id=\"7a65857\" data-element_type=\"widget\" data-settings=\"{&quot;_animation&quot;:&quot;none&quot;}\" data-widget_type=\"text-editor.default\">\n\t\t\t\t<div class=\"elementor-widget-container\">\n\t\t\t\t\t\t\t\t\t<p>Among many flowers and herbs our bees feel comfortable.<br \/>Honey from our own garden is available at the breakfast buffet.<\/p>\t\t\t\t\t\t\t\t<\/div>\n\t\t\t\t<\/div>\n\t\t\t\t<div class=\"elementor-element elementor-element-4c386c4 elementor-align-center elementor-widget elementor-widget-button\" data-id=\"4c386c4\" data-element_type=\"widget\" data-widget_type=\"button.default\">\n\t\t\t\t<div class=\"elementor-widget-container\">\n\t\t\t\t\t\t\t\t\t<div class=\"elementor-button-wrapper\">\n\t\t\t\t\t<a class=\"elementor-button elementor-button-link elementor-size-sm\" href=\"https:\/\/www.auersperg.at\/en\/fruehstueck\/\">\n\t\t\t\t\t\t<span class=\"elementor-button-content-wrapper\">\n\t\t\t\t\t\t\t\t\t<span class=\"elementor-button-text\">Breakfast<\/span>\n\t\t\t\t\t<\/span>\n\t\t\t\t\t<\/a>\n\t\t\t\t<\/div>\n\t\t\t\t\t\t\t\t<\/div>\n\t\t\t\t<\/div>\n\t\t\t\t\t<\/div>\n\t\t<\/div>\n\t\t\t\t<div class=\"elementor-column elementor-col-50 elementor-top-column elementor-element elementor-element-faf0d89\" data-id=\"faf0d89\" data-element_type=\"column\">\n\t\t\t<div class=\"elementor-widget-wrap\">\n\t\t\t\t\t\t\t<\/div>\n\t\t<\/div>\n\t\t\t\t\t<\/div>\n\t\t<\/section>\n\t\t\t\t<\/div>","protected":false},"excerpt":{"rendered":"<p>Oase mitten in der Stadt Hinter unserem Haus\u00a0finden Sie einen bl\u00fchenden Garten inmitten von Salzburg und doch abgeschirmt vom hektischen Treiben der Stadt. Der Ort um loszulassen Auf den Sonnenliegen mitten im Gr\u00fcnen, umgeben vom sanften Pl\u00e4tschern des Brunnens und dem leisen Summen unserer Bienen. T\u00e4glich ge\u00f6ffnet von 6:30 bis 24:00 Uhr Gartenterrasse Genie\u00dfen Sie [&hellip;]<\/p>","protected":false},"author":3,"featured_media":0,"parent":0,"menu_order":0,"comment_status":"closed","ping_status":"closed","template":"","meta":{"footnotes":""},"class_list":["post-46","page","type-page","status-publish","hentry"],"_links":{"self":[{"href":"https:\/\/www.auersperg.at\/en\/wp-json\/wp\/v2\/pages\/46","targetHints":{"allow":["GET"]}}],"collection":[{"href":"https:\/\/www.auersperg.at\/en\/wp-json\/wp\/v2\/pages"}],"about":[{"href":"https:\/\/www.auersperg.at\/en\/wp-json\/wp\/v2\/types\/page"}],"author":[{"embeddable":true,"href":"https:\/\/www.auersperg.at\/en\/wp-json\/wp\/v2\/users\/3"}],"replies":[{"embeddable":true,"href":"https:\/\/www.auersperg.at\/en\/wp-json\/wp\/v2\/comments?post=46"}],"version-history":[{"count":147,"href":"https:\/\/www.auersperg.at\/en\/wp-json\/wp\/v2\/pages\/46\/revisions"}],"predecessor-version":[{"id":5259,"href":"https:\/\/www.auersperg.at\/en\/wp-json\/wp\/v2\/pages\/46\/revisions\/5259"}],"wp:attachment":[{"href":"https:\/\/www.auersperg.at\/en\/wp-json\/wp\/v2\/media?parent=46"}],"curies":[{"name":"wp","href":"https:\/\/api.w.org\/{rel}","templated":true}]}}