{"id":47,"date":"2022-10-11T11:54:18","date_gmt":"2022-10-11T09:54:18","guid":{"rendered":"https:\/\/www.auersperg.at\/new\/?page_id=47"},"modified":"2024-04-11T15:08:58","modified_gmt":"2024-04-11T13:08:58","slug":"kontakt","status":"publish","type":"page","link":"https:\/\/www.auersperg.at\/en\/kontakt\/","title":{"rendered":"CONTACT"},"content":{"rendered":"<div data-elementor-type=\"wp-page\" data-elementor-id=\"47\" class=\"elementor elementor-47\" data-elementor-post-type=\"page\">\n\t\t\t\t\t\t<section class=\"elementor-section elementor-top-section elementor-element elementor-element-46a82432 elementor-section-height-min-height elementor-section-boxed elementor-section-height-default elementor-section-items-middle\" data-id=\"46a82432\" data-element_type=\"section\" data-settings=\"{&quot;background_background&quot;:&quot;classic&quot;}\">\n\t\t\t\t\t\t<div class=\"elementor-container elementor-column-gap-default\">\n\t\t\t\t\t<div class=\"elementor-column elementor-col-100 elementor-top-column elementor-element elementor-element-1e129b8e\" data-id=\"1e129b8e\" data-element_type=\"column\">\n\t\t\t<div class=\"elementor-widget-wrap\">\n\t\t\t\t\t\t\t<\/div>\n\t\t<\/div>\n\t\t\t\t\t<\/div>\n\t\t<\/section>\n\t\t\t\t<section class=\"elementor-section elementor-top-section elementor-element elementor-element-325c480b elementor-section-boxed elementor-section-height-default elementor-section-height-default\" data-id=\"325c480b\" data-element_type=\"section\" data-settings=\"{&quot;background_background&quot;:&quot;classic&quot;}\">\n\t\t\t\t\t\t<div class=\"elementor-container elementor-column-gap-default\">\n\t\t\t\t\t<div class=\"elementor-column elementor-col-100 elementor-top-column elementor-element elementor-element-9339bd7\" data-id=\"9339bd7\" data-element_type=\"column\">\n\t\t\t<div class=\"elementor-widget-wrap elementor-element-populated\">\n\t\t\t\t\t\t<div class=\"elementor-element elementor-element-41a79f9c elementor-widget elementor-widget-heading\" data-id=\"41a79f9c\" data-element_type=\"widget\" data-widget_type=\"heading.default\">\n\t\t\t\t<div class=\"elementor-widget-container\">\n\t\t\t\t\t<h2 class=\"elementor-heading-title elementor-size-default\">Contact<\/h2>\t\t\t\t<\/div>\n\t\t\t\t<\/div>\n\t\t\t\t<div class=\"elementor-element elementor-element-7a643e63 elementor-widget elementor-widget-text-editor\" data-id=\"7a643e63\" data-element_type=\"widget\" data-widget_type=\"text-editor.default\">\n\t\t\t\t<div class=\"elementor-widget-container\">\n\t\t\t\t\t\t\t\t\t<p>Arriving at Hotel Auersperg means <br \/>being enveloped by the special atmosphere <br \/>from the very first moment.<\/p>\t\t\t\t\t\t\t\t<\/div>\n\t\t\t\t<\/div>\n\t\t\t\t<div class=\"elementor-element elementor-element-267e6a82 elementor-widget elementor-widget-text-editor\" data-id=\"267e6a82\" data-element_type=\"widget\" data-widget_type=\"text-editor.default\">\n\t\t\t\t<div class=\"elementor-widget-container\">\n\t\t\t\t\t\t\t\t\t<p><strong>HOTEL &amp; VILLA AUERSPERG<\/strong><br \/>Auerspergstra\u00dfe 61<br \/>5020 Salzburg<br \/>Austria<br \/><a href=\"tel:+43662889440\">T: +43-662-88 9 44-0<\/a><br \/>F: +43-662-88 9 44-55<br \/><span id=\"cloak92358734aa68949971072ca60df246b8\"><a href=\"mailto:info@auersperg.at\">M: info@auersperg.at<\/a><\/span><\/p>\t\t\t\t\t\t\t\t<\/div>\n\t\t\t\t<\/div>\n\t\t\t\t\t<\/div>\n\t\t<\/div>\n\t\t\t\t\t<\/div>\n\t\t<\/section>\n\t\t\t\t<section class=\"elementor-section elementor-top-section elementor-element elementor-element-b681fe7 elementor-section-boxed elementor-section-height-default elementor-section-height-default\" data-id=\"b681fe7\" data-element_type=\"section\">\n\t\t\t\t\t\t<div class=\"elementor-container elementor-column-gap-default\">\n\t\t\t\t\t<div class=\"elementor-column elementor-col-100 elementor-top-column elementor-element elementor-element-18a8b8c\" data-id=\"18a8b8c\" data-element_type=\"column\">\n\t\t\t<div class=\"elementor-widget-wrap elementor-element-populated\">\n\t\t\t\t\t\t<div class=\"elementor-element elementor-element-5489795 elementor-shape-rounded elementor-grid-0 e-grid-align-center elementor-widget elementor-widget-social-icons\" data-id=\"5489795\" data-element_type=\"widget\" data-widget_type=\"social-icons.default\">\n\t\t\t\t<div class=\"elementor-widget-container\">\n\t\t\t\t\t\t\t<div class=\"elementor-social-icons-wrapper elementor-grid\">\n\t\t\t\t\t\t\t<span class=\"elementor-grid-item\">\n\t\t\t\t\t<a class=\"elementor-icon elementor-social-icon elementor-social-icon-instagram elementor-repeater-item-837bb59\" href=\"https:\/\/www.instagram.com\/hotel.auersperg\/\" target=\"_blank\">\n\t\t\t\t\t\t<span class=\"elementor-screen-only\">Instagram<\/span>\n\t\t\t\t\t\t<i class=\"fab fa-instagram\"><\/i>\t\t\t\t\t<\/a>\n\t\t\t\t<\/span>\n\t\t\t\t\t\t\t<span class=\"elementor-grid-item\">\n\t\t\t\t\t<a class=\"elementor-icon elementor-social-icon elementor-social-icon-facebook elementor-repeater-item-187b5f5\" href=\"https:\/\/www.facebook.com\/hotel.auersperg\" target=\"_blank\">\n\t\t\t\t\t\t<span class=\"elementor-screen-only\">Facebook<\/span>\n\t\t\t\t\t\t<i class=\"fab fa-facebook\"><\/i>\t\t\t\t\t<\/a>\n\t\t\t\t<\/span>\n\t\t\t\t\t\t\t<span class=\"elementor-grid-item\">\n\t\t\t\t\t<a class=\"elementor-icon elementor-social-icon elementor-social-icon-linkedin elementor-repeater-item-2863996\" href=\"https:\/\/www.linkedin.com\/company\/hotel-villa-auersperg\/mycompany\/\" target=\"_blank\">\n\t\t\t\t\t\t<span class=\"elementor-screen-only\">Linkedin<\/span>\n\t\t\t\t\t\t<i class=\"fab fa-linkedin\"><\/i>\t\t\t\t\t<\/a>\n\t\t\t\t<\/span>\n\t\t\t\t\t\t\t<span class=\"elementor-grid-item\">\n\t\t\t\t\t<a class=\"elementor-icon elementor-social-icon elementor-social-icon-tiktok elementor-repeater-item-b4cc99b\" href=\"https:\/\/www.tiktok.com\/@hotel.villa.auersperg\" target=\"_blank\">\n\t\t\t\t\t\t<span class=\"elementor-screen-only\">Tiktok<\/span>\n\t\t\t\t\t\t<i class=\"fab fa-tiktok\"><\/i>\t\t\t\t\t<\/a>\n\t\t\t\t<\/span>\n\t\t\t\t\t\t\t<span class=\"elementor-grid-item\">\n\t\t\t\t\t<a class=\"elementor-icon elementor-social-icon elementor-social-icon-pinterest elementor-repeater-item-fed2227\" href=\"https:\/\/www.pinterest.com\/hotelauersperg\/\" target=\"_blank\">\n\t\t\t\t\t\t<span class=\"elementor-screen-only\">Pinterest<\/span>\n\t\t\t\t\t\t<i class=\"fab fa-pinterest\"><\/i>\t\t\t\t\t<\/a>\n\t\t\t\t<\/span>\n\t\t\t\t\t<\/div>\n\t\t\t\t\t\t<\/div>\n\t\t\t\t<\/div>\n\t\t\t\t\t<\/div>\n\t\t<\/div>\n\t\t\t\t\t<\/div>\n\t\t<\/section>\n\t\t\t\t<section class=\"elementor-section elementor-top-section elementor-element elementor-element-5e2cbd3a elementor-section-boxed elementor-section-height-default elementor-section-height-default\" data-id=\"5e2cbd3a\" data-element_type=\"section\" data-settings=\"{&quot;background_background&quot;:&quot;classic&quot;}\">\n\t\t\t\t\t\t<div class=\"elementor-container elementor-column-gap-default\">\n\t\t\t\t\t<div class=\"elementor-column elementor-col-100 elementor-top-column elementor-element elementor-element-24c4205b\" data-id=\"24c4205b\" data-element_type=\"column\">\n\t\t\t<div class=\"elementor-widget-wrap elementor-element-populated\">\n\t\t\t\t\t\t<div class=\"elementor-element elementor-element-4f1d15db elementor-widget elementor-widget-heading\" data-id=\"4f1d15db\" data-element_type=\"widget\" data-widget_type=\"heading.default\">\n\t\t\t\t<div class=\"elementor-widget-container\">\n\t\t\t\t\t<h2 class=\"elementor-heading-title elementor-size-default\">Newsletter<\/h2>\t\t\t\t<\/div>\n\t\t\t\t<\/div>\n\t\t\t\t<div class=\"elementor-element elementor-element-3c49dedd elementor-widget elementor-widget-text-editor\" data-id=\"3c49dedd\" data-element_type=\"widget\" data-widget_type=\"text-editor.default\">\n\t\t\t\t<div class=\"elementor-widget-container\">\n\t\t\t\t\t\t\t\t\t<p>Do you wish to receive mail from us?<\/p><p>... simply register for our Auersperg Newsletter:<\/p>\t\t\t\t\t\t\t\t<\/div>\n\t\t\t\t<\/div>\n\t\t\t\t<div class=\"elementor-element elementor-element-46ef4ed elementor-button-align-center elementor-hidden-desktop elementor-hidden-tablet elementor-hidden-mobile elementor-widget elementor-widget-form\" data-id=\"46ef4ed\" data-element_type=\"widget\" data-settings=\"{&quot;step_next_label&quot;:&quot;N\\u00e4chster&quot;,&quot;step_previous_label&quot;:&quot;Voriger&quot;,&quot;step_type&quot;:&quot;number_text&quot;,&quot;step_icon_shape&quot;:&quot;circle&quot;}\" data-widget_type=\"form.default\">\n\t\t\t\t<div class=\"elementor-widget-container\">\n\t\t\t\t\t\t\t<form class=\"elementor-form\" method=\"post\" name=\"Neues Formular\" action=\"\">\n\t\t\t<input type=\"hidden\" name=\"post_id\" value=\"47\"\/>\n\t\t\t<input type=\"hidden\" name=\"form_id\" value=\"46ef4ed\"\/>\n\t\t\t<input type=\"hidden\" name=\"referer_title\" value=\"\" \/>\n\n\t\t\t\n\t\t\t<div class=\"elementor-form-fields-wrapper elementor-labels-above\">\n\t\t\t\t\t\t\t\t<div class=\"elementor-field-type-text elementor-field-group elementor-column elementor-field-group-vorname elementor-col-100\">\n\t\t\t\t\t\t\t\t\t\t\t\t<label for=\"form-field-vorname\" class=\"elementor-field-label\">\n\t\t\t\t\t\t\t\tName\t\t\t\t\t\t\t<\/label>\n\t\t\t\t\t\t\t\t\t\t\t\t\t\t<input size=\"1\" type=\"text\" name=\"form_fields[vorname]\" id=\"form-field-vorname\" class=\"elementor-field elementor-size-xs  elementor-field-textual\">\n\t\t\t\t\t\t\t\t\t\t\t<\/div>\n\t\t\t\t\t\t\t\t<div class=\"elementor-field-type-text elementor-field-group elementor-column elementor-field-group-name elementor-col-100\">\n\t\t\t\t\t\t\t\t\t\t\t\t<label for=\"form-field-name\" class=\"elementor-field-label\">\n\t\t\t\t\t\t\t\tSurname\t\t\t\t\t\t\t<\/label>\n\t\t\t\t\t\t\t\t\t\t\t\t\t\t<input size=\"1\" type=\"text\" name=\"form_fields[name]\" id=\"form-field-name\" class=\"elementor-field elementor-size-xs  elementor-field-textual\" placeholder=\"Name\">\n\t\t\t\t\t\t\t\t\t\t\t<\/div>\n\t\t\t\t\t\t\t\t<div class=\"elementor-field-type-email elementor-field-group elementor-column elementor-field-group-email elementor-col-100 elementor-field-required\">\n\t\t\t\t\t\t\t\t\t\t\t\t<label for=\"form-field-email\" class=\"elementor-field-label\">\n\t\t\t\t\t\t\t\tE-Mail\t\t\t\t\t\t\t<\/label>\n\t\t\t\t\t\t\t\t\t\t\t\t\t\t<input size=\"1\" type=\"email\" name=\"form_fields[email]\" id=\"form-field-email\" class=\"elementor-field elementor-size-xs  elementor-field-textual\" placeholder=\"E-Mail\" required=\"required\">\n\t\t\t\t\t\t\t\t\t\t\t<\/div>\n\t\t\t\t\t\t\t\t<div class=\"elementor-field-group elementor-column elementor-field-type-submit elementor-col-100 e-form__buttons\">\n\t\t\t\t\t<button class=\"elementor-button elementor-size-sm\" type=\"submit\">\n\t\t\t\t\t\t<span class=\"elementor-button-content-wrapper\">\n\t\t\t\t\t\t\t\t\t\t\t\t\t\t\t\t\t\t\t\t\t\t<span class=\"elementor-button-text\">SEND<\/span>\n\t\t\t\t\t\t\t\t\t\t\t\t\t<\/span>\n\t\t\t\t\t<\/button>\n\t\t\t\t<\/div>\n\t\t\t<\/div>\n\t\t<input type=\"hidden\" name=\"trp-form-language\" value=\"en\"\/><\/form>\n\t\t\t\t\t\t<\/div>\n\t\t\t\t<\/div>\n\t\t\t\t<div class=\"elementor-element elementor-element-c767870 elementor-widget elementor-widget-html\" data-id=\"c767870\" data-element_type=\"widget\" data-widget_type=\"html.default\">\n\t\t\t\t<div class=\"elementor-widget-container\">\n\t\t\t\t\t<script type=\"text\/javascript\" src=\"\/\/contact-api.inguest.com\/bundles\/revinatecontactapi\/js\/revinate-form.js?v=1\"><\/script>\r\n<form id=\"revinate_contact_api_form\" token=\"5eb1456d-ebaf-4a08-87db-f4532e80daa5\"\r\n      onsubmit=\"revFormOnSubmit(); event.preventDefault();\" action=\"\">\r\n        <fieldset>\r\n       \r\n                    <div>\r\n                <label><font face=\"Montserrat\" size=\"4\"  color=\"#ffffff\">Name<\/font><\/label>\r\n                <input type=\"text\" name=\"firstName\"\/>\r\n                <label><font face=\"Montserrat\" size=\"4\"  color=\"#ffffff\">Surname<\/font><\/label><input type=\"text\" name=\"lastName\"\/>        <\/div>\r\n            <div>\r\n                <label><font face=\"Montserrat\" size=\"4\"  color=\"#ffffff\">Email<\/font><\/label>\r\n                <input class=\"long\" type=\"email\" name=\"email\" required>        <\/div>\r\n<div>\r\n    <input type=\"checkbox\" id=\"dsgvo\" checked \/>\r\n    <label><font face=\"Montserrat\" size=\"4\"  color=\"#ffffff\">Ich habe die <a href=\"https:\/\/www.auersperg.at\/en\/datenschutzerklaerung\/\" target=\"_blank\">Datenschutzerkl\u00e4rung<\/a> gelesen und stimme dieser zu<\/font><\/label>\r\n  <\/div>    \r\n        <div class=\"button\">\r\n            <button type=\"submit\"><font face=\"Montserrat\" size=\"4\"  color=\"#ffffff\">SEND<\/font><\/button>\r\n        <\/div>\r\n    <\/fieldset>\r\n    <style scoped>\r\n        label {\r\n            display: inline-block\r\n            width: 800px;\r\n        }\r\n\r\n        label.required:after {\r\n            content: \" *\";\r\n            color:#D2C6B0;\r\n        }\r\n\r\n        fieldset {\r\n            width: 800px;\r\n            padding: 1em;\r\n            \r\n        }\r\n\r\n        input {\r\n            margin: 1px 5px 1px 5px;\r\n            width: 145px;\r\n            padding: 3px;\r\n            border-width: 2px;\r\n        }\r\n\r\n        input.long {\r\n            width: 800px\r\n        }\r\n\r\n        div.checkbox-group {\r\n            padding: 10px 0;\r\n        }\r\n\r\n        div.checkbox-group label {\r\n            width: 100%;\r\n        }\r\n\r\n        input[type=checkbox] {\r\n            width: 15px;\r\n            height: 15px;\r\n            margin-left: 0;\r\n        }\r\n\r\n        div.button {\r\n            display: inline-block;\r\n   \r\n            color: #ffffff;\r\n            background-color: #D2C6B0;\r\n            border-color: #D2C6B0;\r\n            margin-top: 1em;\r\n            text-align: center;\r\n        \r\n            \r\n        }\r\n    <\/style>\r\n<input type=\"hidden\" name=\"trp-form-language\" value=\"en\"\/><\/form>\t\t\t\t<\/div>\n\t\t\t\t<\/div>\n\t\t\t\t\t<\/div>\n\t\t<\/div>\n\t\t\t\t\t<\/div>\n\t\t<\/section>\n\t\t\t\t<\/div>","protected":false},"excerpt":{"rendered":"<p>Kontakt Im Auersperg ankommen hei\u00dft, vom ersten Moment an umfangen zu werden von der besonderen Atmosph\u00e4re. HOTEL &amp; VILLA AUERSPERGAuerspergstra\u00dfe 615020 SalzburgAustriaT: +43-662-88 9 44-0F: +43-662-88 9 44-55M: info@auersperg.at Instagram Facebook Linkedin Tiktok Pinterest Newsletter W\u00fcnschen Sie sich Post von uns? &#8230; ganz einfach f\u00fcr unseren Auersperg Newsletter anmelden: Vorname Nachname Email Ich habe die [&hellip;]<\/p>","protected":false},"author":3,"featured_media":0,"parent":0,"menu_order":0,"comment_status":"closed","ping_status":"closed","template":"","meta":{"footnotes":""},"class_list":["post-47","page","type-page","status-publish","hentry"],"_links":{"self":[{"href":"https:\/\/www.auersperg.at\/en\/wp-json\/wp\/v2\/pages\/47","targetHints":{"allow":["GET"]}}],"collection":[{"href":"https:\/\/www.auersperg.at\/en\/wp-json\/wp\/v2\/pages"}],"about":[{"href":"https:\/\/www.auersperg.at\/en\/wp-json\/wp\/v2\/types\/page"}],"author":[{"embeddable":true,"href":"https:\/\/www.auersperg.at\/en\/wp-json\/wp\/v2\/users\/3"}],"replies":[{"embeddable":true,"href":"https:\/\/www.auersperg.at\/en\/wp-json\/wp\/v2\/comments?post=47"}],"version-history":[{"count":46,"href":"https:\/\/www.auersperg.at\/en\/wp-json\/wp\/v2\/pages\/47\/revisions"}],"predecessor-version":[{"id":4061,"href":"https:\/\/www.auersperg.at\/en\/wp-json\/wp\/v2\/pages\/47\/revisions\/4061"}],"wp:attachment":[{"href":"https:\/\/www.auersperg.at\/en\/wp-json\/wp\/v2\/media?parent=47"}],"curies":[{"name":"wp","href":"https:\/\/api.w.org\/{rel}","templated":true}]}}