{"id":48,"date":"2022-10-11T11:54:18","date_gmt":"2022-10-11T09:54:18","guid":{"rendered":"https:\/\/www.auersperg.at\/new\/?page_id=48"},"modified":"2024-09-13T14:08:07","modified_gmt":"2024-09-13T12:08:07","slug":"haeuser","status":"publish","type":"page","link":"https:\/\/www.auersperg.at\/en\/haeuser\/","title":{"rendered":"HOUSES"},"content":{"rendered":"<div data-elementor-type=\"wp-page\" data-elementor-id=\"48\" class=\"elementor elementor-48\" data-elementor-post-type=\"page\">\n\t\t\t\t\t\t<section class=\"elementor-section elementor-top-section elementor-element elementor-element-2f95478 elementor-section-full_width elementor-section-height-min-height elementor-section-height-default elementor-section-items-middle\" data-id=\"2f95478\" data-element_type=\"section\" data-settings=\"{&quot;background_background&quot;:&quot;classic&quot;}\">\n\t\t\t\t\t\t<div class=\"elementor-container elementor-column-gap-default\">\n\t\t\t\t\t<div class=\"elementor-column elementor-col-100 elementor-top-column elementor-element elementor-element-3626a97\" data-id=\"3626a97\" data-element_type=\"column\" data-settings=\"{&quot;background_background&quot;:&quot;classic&quot;}\">\n\t\t\t<div class=\"elementor-widget-wrap\">\n\t\t\t\t\t\t\t<\/div>\n\t\t<\/div>\n\t\t\t\t\t<\/div>\n\t\t<\/section>\n\t\t\t\t<section class=\"elementor-section elementor-top-section elementor-element elementor-element-762fbb0 elementor-section-boxed elementor-section-height-default elementor-section-height-default\" data-id=\"762fbb0\" data-element_type=\"section\">\n\t\t\t\t\t\t<div class=\"elementor-container elementor-column-gap-default\">\n\t\t\t\t\t<div class=\"elementor-column elementor-col-50 elementor-top-column elementor-element elementor-element-c6b52ae\" data-id=\"c6b52ae\" data-element_type=\"column\" data-settings=\"{&quot;background_background&quot;:&quot;classic&quot;}\">\n\t\t\t<div class=\"elementor-widget-wrap elementor-element-populated\">\n\t\t\t\t\t\t<div class=\"elementor-element elementor-element-e20a545 elementor-widget elementor-widget-heading\" data-id=\"e20a545\" data-element_type=\"widget\" data-settings=\"{&quot;_animation&quot;:&quot;none&quot;}\" data-widget_type=\"heading.default\">\n\t\t\t\t<div class=\"elementor-widget-container\">\n\t\t\t\t\t<h2 class=\"elementor-heading-title elementor-size-default\">Hotel<\/h2>\t\t\t\t<\/div>\n\t\t\t\t<\/div>\n\t\t\t\t<div class=\"elementor-element elementor-element-ad4b44d elementor-widget elementor-widget-text-editor\" data-id=\"ad4b44d\" data-element_type=\"widget\" data-settings=\"{&quot;_animation&quot;:&quot;none&quot;}\" data-widget_type=\"text-editor.default\">\n\t\t\t\t<div class=\"elementor-widget-container\">\n\t\t\t\t\t\t\t\t\t<p>The hotel was built around 1900.<\/p><p>32 of the total of 55 rooms are located here, including the popular garden rooms.<\/p><p>The lobby is located in the hotel, <br \/>the breakfast room, <br \/>the A* Bar &amp; Lounge, <br \/>as well as the Petit Spa with roof terrace <br \/>and access to the beautiful hotel garden.<\/p>\t\t\t\t\t\t\t\t<\/div>\n\t\t\t\t<\/div>\n\t\t\t\t\t<\/div>\n\t\t<\/div>\n\t\t\t\t<div class=\"elementor-column elementor-col-50 elementor-top-column elementor-element elementor-element-a26a965\" data-id=\"a26a965\" data-element_type=\"column\">\n\t\t\t<div class=\"elementor-widget-wrap elementor-element-populated\">\n\t\t\t\t\t\t<div class=\"elementor-element elementor-element-822ccaa elementor-widget elementor-widget-image\" data-id=\"822ccaa\" data-element_type=\"widget\" data-settings=\"{&quot;_animation&quot;:&quot;none&quot;}\" data-widget_type=\"image.default\">\n\t\t\t\t<div class=\"elementor-widget-container\">\n\t\t\t\t\t\t\t\t\t\t\t\t\t\t\t<img fetchpriority=\"high\" decoding=\"async\" width=\"800\" height=\"734\" src=\"https:\/\/www.auersperg.at\/wp-content\/uploads\/2024\/05\/Hotel_bunt_EN.jpg\" class=\"attachment-large size-large wp-image-1354\" alt=\"\" srcset=\"https:\/\/www.auersperg.at\/wp-content\/uploads\/2024\/05\/Hotel_bunt_EN.jpg 958w, https:\/\/www.auersperg.at\/wp-content\/uploads\/2024\/05\/Hotel_bunt_EN-300x275.jpg 300w, https:\/\/www.auersperg.at\/wp-content\/uploads\/2024\/05\/Hotel_bunt_EN-768x705.jpg 768w, https:\/\/www.auersperg.at\/wp-content\/uploads\/2024\/05\/Hotel_bunt_EN-13x12.jpg 13w\" sizes=\"(max-width: 800px) 100vw, 800px\" \/>\t\t\t\t\t\t\t\t\t\t\t\t\t\t\t<\/div>\n\t\t\t\t<\/div>\n\t\t\t\t\t<\/div>\n\t\t<\/div>\n\t\t\t\t\t<\/div>\n\t\t<\/section>\n\t\t\t\t<section class=\"elementor-section elementor-top-section elementor-element elementor-element-f797751 elementor-section-boxed elementor-section-height-default elementor-section-height-default\" data-id=\"f797751\" data-element_type=\"section\">\n\t\t\t\t\t\t<div class=\"elementor-container elementor-column-gap-default\">\n\t\t\t\t\t<div class=\"elementor-column elementor-col-50 elementor-top-column elementor-element elementor-element-15d135b elementor-hidden-mobile\" data-id=\"15d135b\" data-element_type=\"column\" data-settings=\"{&quot;animation&quot;:&quot;none&quot;,&quot;animation_tablet&quot;:&quot;none&quot;}\">\n\t\t\t<div class=\"elementor-widget-wrap elementor-element-populated\">\n\t\t\t\t\t\t<div class=\"elementor-element elementor-element-fc184bd elementor-hidden-mobile elementor-widget elementor-widget-image\" data-id=\"fc184bd\" data-element_type=\"widget\" data-settings=\"{&quot;_animation&quot;:&quot;none&quot;,&quot;_animation_tablet&quot;:&quot;none&quot;}\" data-widget_type=\"image.default\">\n\t\t\t\t<div class=\"elementor-widget-container\">\n\t\t\t\t\t\t\t\t\t\t\t\t\t\t\t<img decoding=\"async\" width=\"801\" height=\"777\" src=\"https:\/\/www.auersperg.at\/wp-content\/uploads\/2024\/05\/Villa_bunt_EN.jpg\" class=\"attachment-1536x1536 size-1536x1536 wp-image-990\" alt=\"\" srcset=\"https:\/\/www.auersperg.at\/wp-content\/uploads\/2024\/05\/Villa_bunt_EN.jpg 958w, https:\/\/www.auersperg.at\/wp-content\/uploads\/2024\/05\/Villa_bunt_EN-300x275.jpg 300w, https:\/\/www.auersperg.at\/wp-content\/uploads\/2024\/05\/Villa_bunt_EN-768x705.jpg 768w, https:\/\/www.auersperg.at\/wp-content\/uploads\/2024\/05\/Villa_bunt_EN-13x12.jpg 13w\" sizes=\"(max-width: 801px) 100vw, 801px\" \/>\t\t\t\t\t\t\t\t\t\t\t\t\t\t\t<\/div>\n\t\t\t\t<\/div>\n\t\t\t\t\t<\/div>\n\t\t<\/div>\n\t\t\t\t<div class=\"elementor-column elementor-col-50 elementor-top-column elementor-element elementor-element-28151d6\" data-id=\"28151d6\" data-element_type=\"column\" data-settings=\"{&quot;background_background&quot;:&quot;classic&quot;,&quot;animation_tablet&quot;:&quot;none&quot;}\">\n\t\t\t<div class=\"elementor-widget-wrap elementor-element-populated\">\n\t\t\t\t\t\t<div class=\"elementor-element elementor-element-d203498 elementor-widget elementor-widget-heading\" data-id=\"d203498\" data-element_type=\"widget\" data-settings=\"{&quot;_animation&quot;:&quot;none&quot;}\" data-widget_type=\"heading.default\">\n\t\t\t\t<div class=\"elementor-widget-container\">\n\t\t\t\t\t<h2 class=\"elementor-heading-title elementor-size-default\">Villa<\/h2>\t\t\t\t<\/div>\n\t\t\t\t<\/div>\n\t\t\t\t<div class=\"elementor-element elementor-element-99613d8 elementor-widget elementor-widget-text-editor\" data-id=\"99613d8\" data-element_type=\"widget\" data-settings=\"{&quot;_animation&quot;:&quot;none&quot;}\" data-widget_type=\"text-editor.default\">\n\t\t\t\t<div class=\"elementor-widget-container\">\n\t\t\t\t\t\t\t\t\t<p>The historic city villa was built around 1892 by the Ceconi brothers and faithfully restored &amp; renovated.<\/p><p>The villa is separated from the hotel <br> only by the hotel's own car park.<\/p><p class=\"translation-block\">The villa has 23 rooms of different categories <br> and the yoga loft is also here.<\/p>\t\t\t\t\t\t\t\t<\/div>\n\t\t\t\t<\/div>\n\t\t\t\t\t<\/div>\n\t\t<\/div>\n\t\t\t\t\t<\/div>\n\t\t<\/section>\n\t\t\t\t<\/div>","protected":false},"excerpt":{"rendered":"<p>Hotel Das Hotelgeb\u00e4ude wurde um 1900 erbaut. 32 der insgesamt 55 Zimmer befinden sich dort, vor allem auch die beliebten Gartenzimmer. Im Hotel befinden sich die Lobby, der Fr\u00fchst\u00fccksraum, die A* Bar &amp; Lounge, sowie der Petit Spa mit Dachterrasse und der Zugang zum sch\u00f6nen Hotelgarten. Villa Die historische Stadtvilla wurde um 1892 von den [&hellip;]<\/p>","protected":false},"author":3,"featured_media":0,"parent":0,"menu_order":0,"comment_status":"closed","ping_status":"closed","template":"","meta":{"footnotes":""},"class_list":["post-48","page","type-page","status-publish","hentry"],"_links":{"self":[{"href":"https:\/\/www.auersperg.at\/en\/wp-json\/wp\/v2\/pages\/48","targetHints":{"allow":["GET"]}}],"collection":[{"href":"https:\/\/www.auersperg.at\/en\/wp-json\/wp\/v2\/pages"}],"about":[{"href":"https:\/\/www.auersperg.at\/en\/wp-json\/wp\/v2\/types\/page"}],"author":[{"embeddable":true,"href":"https:\/\/www.auersperg.at\/en\/wp-json\/wp\/v2\/users\/3"}],"replies":[{"embeddable":true,"href":"https:\/\/www.auersperg.at\/en\/wp-json\/wp\/v2\/comments?post=48"}],"version-history":[{"count":92,"href":"https:\/\/www.auersperg.at\/en\/wp-json\/wp\/v2\/pages\/48\/revisions"}],"predecessor-version":[{"id":4493,"href":"https:\/\/www.auersperg.at\/en\/wp-json\/wp\/v2\/pages\/48\/revisions\/4493"}],"wp:attachment":[{"href":"https:\/\/www.auersperg.at\/en\/wp-json\/wp\/v2\/media?parent=48"}],"curies":[{"name":"wp","href":"https:\/\/api.w.org\/{rel}","templated":true}]}}