{"id":608,"date":"2022-11-19T08:41:29","date_gmt":"2022-11-19T07:41:29","guid":{"rendered":"https:\/\/www.auersperg.at\/new\/?page_id=608"},"modified":"2025-03-20T15:00:08","modified_gmt":"2025-03-20T14:00:08","slug":"direktbucher-member","status":"publish","type":"page","link":"https:\/\/www.auersperg.at\/en\/direktbucher-member\/","title":{"rendered":"DIRECT BOOKERS &amp; MEMBERS"},"content":{"rendered":"<div data-elementor-type=\"wp-page\" data-elementor-id=\"608\" class=\"elementor elementor-608\" data-elementor-post-type=\"page\">\n\t\t\t\t\t\t<section class=\"elementor-section elementor-top-section elementor-element elementor-element-3e57689 elementor-section-height-min-height elementor-section-boxed elementor-section-height-default elementor-section-items-middle\" data-id=\"3e57689\" data-element_type=\"section\" data-settings=\"{&quot;background_background&quot;:&quot;classic&quot;}\">\n\t\t\t\t\t\t<div class=\"elementor-container elementor-column-gap-default\">\n\t\t\t\t\t<div class=\"elementor-column elementor-col-100 elementor-top-column elementor-element elementor-element-08b75c6\" data-id=\"08b75c6\" data-element_type=\"column\">\n\t\t\t<div class=\"elementor-widget-wrap\">\n\t\t\t\t\t\t\t<\/div>\n\t\t<\/div>\n\t\t\t\t\t<\/div>\n\t\t<\/section>\n\t\t\t\t<section class=\"elementor-section elementor-top-section elementor-element elementor-element-75feabc elementor-hidden-desktop elementor-hidden-tablet elementor-section-boxed elementor-section-height-default elementor-section-height-default\" data-id=\"75feabc\" data-element_type=\"section\" data-settings=\"{&quot;background_background&quot;:&quot;classic&quot;}\">\n\t\t\t\t\t\t<div class=\"elementor-container elementor-column-gap-default\">\n\t\t\t\t\t<div class=\"elementor-column elementor-col-100 elementor-top-column elementor-element elementor-element-89d584f\" data-id=\"89d584f\" data-element_type=\"column\">\n\t\t\t<div class=\"elementor-widget-wrap elementor-element-populated\">\n\t\t\t\t\t\t<div class=\"elementor-element elementor-element-251f124 elementor-widget elementor-widget-heading\" data-id=\"251f124\" data-element_type=\"widget\" data-widget_type=\"heading.default\">\n\t\t\t\t<div class=\"elementor-widget-container\">\n\t\t\t\t\t<h2 class=\"elementor-heading-title elementor-size-default\">Benefits of booking directly<\/h2>\t\t\t\t<\/div>\n\t\t\t\t<\/div>\n\t\t\t\t<div class=\"elementor-element elementor-element-e035a0d elementor-widget elementor-widget-text-editor\" data-id=\"e035a0d\" data-element_type=\"widget\" data-widget_type=\"text-editor.default\">\n\t\t\t\t<div class=\"elementor-widget-container\">\n\t\t\t\t\t\t\t\t\t<p>If you book directly,<br \/><a href=\"https:\/\/be.synxis.com\/?adult=1&amp;arrive=2022-11-30&amp;chain=5375&amp;child=0&amp;currency=EUR&amp;depart=2022-12-01&amp;hotel=19777&amp;level=hotel&amp;locale=de-DE&amp;rooms=1\">online<\/a> or by phone,<br \/>we guarantee the best price!<\/p>\t\t\t\t\t\t\t\t<\/div>\n\t\t\t\t<\/div>\n\t\t\t\t<div class=\"elementor-element elementor-element-2a9f8e1 elementor-widget elementor-widget-text-editor\" data-id=\"2a9f8e1\" data-element_type=\"widget\" data-widget_type=\"text-editor.default\">\n\t\t\t\t<div class=\"elementor-widget-container\">\n\t\t\t\t\t\t\t\t\tWe are also happy to help you with individual advice <br> according to your wishes and needs.\n<br>\n<br>\nWe would like to thank you for booking directly and are happy to offer you a free upgrade at check-in (if available).\t\t\t\t\t\t\t\t<\/div>\n\t\t\t\t<\/div>\n\t\t\t\t\t<\/div>\n\t\t<\/div>\n\t\t\t\t\t<\/div>\n\t\t<\/section>\n\t\t\t\t<section class=\"elementor-section elementor-top-section elementor-element elementor-element-7c6d456 elementor-section-boxed elementor-section-height-default elementor-section-height-default\" data-id=\"7c6d456\" data-element_type=\"section\" data-settings=\"{&quot;background_background&quot;:&quot;classic&quot;}\">\n\t\t\t\t\t\t<div class=\"elementor-container elementor-column-gap-default\">\n\t\t\t\t\t<div class=\"elementor-column elementor-col-50 elementor-top-column elementor-element elementor-element-325ba5a\" data-id=\"325ba5a\" data-element_type=\"column\">\n\t\t\t<div class=\"elementor-widget-wrap elementor-element-populated\">\n\t\t\t\t\t\t<div class=\"elementor-element elementor-element-2ac95a1 elementor-widget elementor-widget-image\" data-id=\"2ac95a1\" data-element_type=\"widget\" data-widget_type=\"image.default\">\n\t\t\t\t<div class=\"elementor-widget-container\">\n\t\t\t\t\t\t\t\t\t\t\t\t\t\t\t<img fetchpriority=\"high\" decoding=\"async\" width=\"800\" height=\"989\" src=\"https:\/\/www.auersperg.at\/wp-content\/uploads\/2022\/11\/online-buchen-828x1024.jpg\" class=\"attachment-large size-large wp-image-1020\" alt=\"\" srcset=\"https:\/\/www.auersperg.at\/wp-content\/uploads\/2022\/11\/online-buchen-828x1024.jpg 828w, https:\/\/www.auersperg.at\/wp-content\/uploads\/2022\/11\/online-buchen-243x300.jpg 243w, https:\/\/www.auersperg.at\/wp-content\/uploads\/2022\/11\/online-buchen-768x949.jpg 768w, https:\/\/www.auersperg.at\/wp-content\/uploads\/2022\/11\/online-buchen-10x12.jpg 10w, https:\/\/www.auersperg.at\/wp-content\/uploads\/2022\/11\/online-buchen.jpg 1080w\" sizes=\"(max-width: 800px) 100vw, 800px\" \/>\t\t\t\t\t\t\t\t\t\t\t\t\t\t\t<\/div>\n\t\t\t\t<\/div>\n\t\t\t\t\t<\/div>\n\t\t<\/div>\n\t\t\t\t<div class=\"elementor-column elementor-col-50 elementor-top-column elementor-element elementor-element-186c754 elementor-hidden-mobile\" data-id=\"186c754\" data-element_type=\"column\">\n\t\t\t<div class=\"elementor-widget-wrap elementor-element-populated\">\n\t\t\t\t\t\t<div class=\"elementor-element elementor-element-c8d152f elementor-widget elementor-widget-heading\" data-id=\"c8d152f\" data-element_type=\"widget\" data-widget_type=\"heading.default\">\n\t\t\t\t<div class=\"elementor-widget-container\">\n\t\t\t\t\t<h2 class=\"elementor-heading-title elementor-size-default\">Benefits of booking directly<\/h2>\t\t\t\t<\/div>\n\t\t\t\t<\/div>\n\t\t\t\t<div class=\"elementor-element elementor-element-75d1011 elementor-widget elementor-widget-text-editor\" data-id=\"75d1011\" data-element_type=\"widget\" data-widget_type=\"text-editor.default\">\n\t\t\t\t<div class=\"elementor-widget-container\">\n\t\t\t\t\t\t\t\t\t<p>If you book directly,<br \/><a href=\"https:\/\/app.mews.com\/distributor\/45b4397c-b7d6-41a3-bc1d-b0b400895b8f\" target=\"_blank\" rel=\"noopener\">online<\/a>\u00a0or by phone,<br \/>we guarantee the best price!<\/p>\t\t\t\t\t\t\t\t<\/div>\n\t\t\t\t<\/div>\n\t\t\t\t<div class=\"elementor-element elementor-element-c76b232 elementor-widget elementor-widget-text-editor\" data-id=\"c76b232\" data-element_type=\"widget\" data-widget_type=\"text-editor.default\">\n\t\t\t\t<div class=\"elementor-widget-container\">\n\t\t\t\t\t\t\t\t\t<p>We are also happy to help you with individual advice<br \/>according to your wishes and needs.<br \/><br \/><br \/>We would like to thank you for booking directly<br \/>and are happy to offer you a free upgrade at check-in (if available).<\/p>\t\t\t\t\t\t\t\t<\/div>\n\t\t\t\t<\/div>\n\t\t\t\t\t<\/div>\n\t\t<\/div>\n\t\t\t\t\t<\/div>\n\t\t<\/section>\n\t\t\t\t<section class=\"elementor-section elementor-top-section elementor-element elementor-element-97708e9 elementor-section-boxed elementor-section-height-default elementor-section-height-default\" data-id=\"97708e9\" data-element_type=\"section\" data-settings=\"{&quot;background_background&quot;:&quot;classic&quot;}\">\n\t\t\t\t\t\t<div class=\"elementor-container elementor-column-gap-default\">\n\t\t\t\t\t<div class=\"elementor-column elementor-col-100 elementor-top-column elementor-element elementor-element-abd9385\" data-id=\"abd9385\" data-element_type=\"column\">\n\t\t\t<div class=\"elementor-widget-wrap elementor-element-populated\">\n\t\t\t\t\t\t<div class=\"elementor-element elementor-element-0214d93 elementor-widget elementor-widget-heading\" data-id=\"0214d93\" data-element_type=\"widget\" data-widget_type=\"heading.default\">\n\t\t\t\t<div class=\"elementor-widget-container\">\n\t\t\t\t\t<h2 class=\"elementor-heading-title elementor-size-default\">Auersperg Member<\/h2>\t\t\t\t<\/div>\n\t\t\t\t<\/div>\n\t\t\t\t<div class=\"elementor-element elementor-element-6fb14d2 elementor-widget elementor-widget-text-editor\" data-id=\"6fb14d2\" data-element_type=\"widget\" data-widget_type=\"text-editor.default\">\n\t\t\t\t<div class=\"elementor-widget-container\">\n\t\t\t\t\t\t\t\t\t<p>Are you already Auersperg member?<\/p>\n<p>... we offer the membership to our regular guests after five stays at our hotel.<\/p>\t\t\t\t\t\t\t\t<\/div>\n\t\t\t\t<\/div>\n\t\t\t\t<div class=\"elementor-element elementor-element-9f1099c elementor-align-center elementor-widget elementor-widget-button\" data-id=\"9f1099c\" data-element_type=\"widget\" data-widget_type=\"button.default\">\n\t\t\t\t<div class=\"elementor-widget-container\">\n\t\t\t\t\t\t\t\t\t<div class=\"elementor-button-wrapper\">\n\t\t\t\t\t<a class=\"elementor-button elementor-button-link elementor-size-sm\" href=\"mailto:info@auersperg.at?subject=Membership%20Anfrage\">\n\t\t\t\t\t\t<span class=\"elementor-button-content-wrapper\">\n\t\t\t\t\t\t\t\t\t<span class=\"elementor-button-text\">request membership<\/span>\n\t\t\t\t\t<\/span>\n\t\t\t\t\t<\/a>\n\t\t\t\t<\/div>\n\t\t\t\t\t\t\t\t<\/div>\n\t\t\t\t<\/div>\n\t\t\t\t\t<\/div>\n\t\t<\/div>\n\t\t\t\t\t<\/div>\n\t\t<\/section>\n\t\t\t\t<section class=\"elementor-section elementor-top-section elementor-element elementor-element-63b28ab elementor-section-boxed elementor-section-height-default elementor-section-height-default\" data-id=\"63b28ab\" data-element_type=\"section\">\n\t\t\t\t\t\t<div class=\"elementor-container elementor-column-gap-default\">\n\t\t\t\t\t<div class=\"elementor-column elementor-col-50 elementor-top-column elementor-element elementor-element-7fd9cb4\" data-id=\"7fd9cb4\" data-element_type=\"column\">\n\t\t\t<div class=\"elementor-widget-wrap elementor-element-populated\">\n\t\t\t\t\t\t<div class=\"elementor-element elementor-element-bbbeedc elementor-widget elementor-widget-image\" data-id=\"bbbeedc\" data-element_type=\"widget\" data-widget_type=\"image.default\">\n\t\t\t\t<div class=\"elementor-widget-container\">\n\t\t\t\t\t\t\t\t\t\t\t\t\t\t\t<img decoding=\"async\" width=\"800\" height=\"534\" src=\"https:\/\/www.auersperg.at\/wp-content\/uploads\/2022\/11\/membercard-1024x684.jpg\" class=\"attachment-large size-large wp-image-1018\" alt=\"\" srcset=\"https:\/\/www.auersperg.at\/wp-content\/uploads\/2022\/11\/membercard-1024x684.jpg 1024w, https:\/\/www.auersperg.at\/wp-content\/uploads\/2022\/11\/membercard-300x200.jpg 300w, https:\/\/www.auersperg.at\/wp-content\/uploads\/2022\/11\/membercard-768x513.jpg 768w, https:\/\/www.auersperg.at\/wp-content\/uploads\/2022\/11\/membercard-18x12.jpg 18w, https:\/\/www.auersperg.at\/wp-content\/uploads\/2022\/11\/membercard.jpg 1080w\" sizes=\"(max-width: 800px) 100vw, 800px\" \/>\t\t\t\t\t\t\t\t\t\t\t\t\t\t\t<\/div>\n\t\t\t\t<\/div>\n\t\t\t\t\t<\/div>\n\t\t<\/div>\n\t\t\t\t<div class=\"elementor-column elementor-col-50 elementor-top-column elementor-element elementor-element-aa4c602\" data-id=\"aa4c602\" data-element_type=\"column\">\n\t\t\t<div class=\"elementor-widget-wrap elementor-element-populated\">\n\t\t\t\t\t\t<div class=\"elementor-element elementor-element-168baba elementor-widget elementor-widget-heading\" data-id=\"168baba\" data-element_type=\"widget\" data-widget_type=\"heading.default\">\n\t\t\t\t<div class=\"elementor-widget-container\">\n\t\t\t\t\t<h2 class=\"elementor-heading-title elementor-size-default\">Member Benefits<\/h2>\t\t\t\t<\/div>\n\t\t\t\t<\/div>\n\t\t\t\t<div class=\"elementor-element elementor-element-50c8ab7 elementor-widget elementor-widget-text-editor\" data-id=\"50c8ab7\" data-element_type=\"widget\" data-widget_type=\"text-editor.default\">\n\t\t\t\t<div class=\"elementor-widget-container\">\n\t\t\t\t\t\t\t\t\t<p>... access to discounted rates<\/p>\n<p>... you benefit from better cancellation conditions<\/p>\n<p><\/p>\n<p>&#8230; kostenloser Verleih unserer<br>high-class Velo-de-Ville R\u00e4der<\/p>\n<p>... Member benefits in our sister hotels<br>Haus Hirt &amp; Miramonte in Bad Gastein<\/p>\n<p>&#8230; individueller Stammg\u00e4steservice<br>(Lieblingszimmer, Details,<br>einfache Reservierung, Anmeldung, etc.)<\/p>\t\t\t\t\t\t\t\t<\/div>\n\t\t\t\t<\/div>\n\t\t\t\t\t<\/div>\n\t\t<\/div>\n\t\t\t\t\t<\/div>\n\t\t<\/section>\n\t\t\t\t<\/div>","protected":false},"excerpt":{"rendered":"<p>Direktbucher Vorteile Bei einer direkten Buchung,online oder telefonisch,garantieren wir den besten Preis! Au\u00dferdem beraten wir Sie gerne ganz individuell nach Ihren W\u00fcnschen und Bed\u00fcrfnissen. F\u00fcr Ihre Direktbuchung m\u00f6chten wir uns bedanken und bieten Ihnen nach Verf\u00fcgbarkeit ein kostenloses Upgrade beim Check-In an. Direktbucher Vorteile Bei einer direkten Buchung,online\u00a0oder telefonisch,garantieren wir den besten Preis! Au\u00dferdem beraten [&hellip;]<\/p>","protected":false},"author":3,"featured_media":0,"parent":0,"menu_order":0,"comment_status":"closed","ping_status":"closed","template":"","meta":{"footnotes":""},"class_list":["post-608","page","type-page","status-publish","hentry"],"_links":{"self":[{"href":"https:\/\/www.auersperg.at\/en\/wp-json\/wp\/v2\/pages\/608","targetHints":{"allow":["GET"]}}],"collection":[{"href":"https:\/\/www.auersperg.at\/en\/wp-json\/wp\/v2\/pages"}],"about":[{"href":"https:\/\/www.auersperg.at\/en\/wp-json\/wp\/v2\/types\/page"}],"author":[{"embeddable":true,"href":"https:\/\/www.auersperg.at\/en\/wp-json\/wp\/v2\/users\/3"}],"replies":[{"embeddable":true,"href":"https:\/\/www.auersperg.at\/en\/wp-json\/wp\/v2\/comments?post=608"}],"version-history":[{"count":73,"href":"https:\/\/www.auersperg.at\/en\/wp-json\/wp\/v2\/pages\/608\/revisions"}],"predecessor-version":[{"id":4890,"href":"https:\/\/www.auersperg.at\/en\/wp-json\/wp\/v2\/pages\/608\/revisions\/4890"}],"wp:attachment":[{"href":"https:\/\/www.auersperg.at\/en\/wp-json\/wp\/v2\/media?parent=608"}],"curies":[{"name":"wp","href":"https:\/\/api.w.org\/{rel}","templated":true}]}}