{"id":637,"date":"2022-11-19T08:48:53","date_gmt":"2022-11-19T07:48:53","guid":{"rendered":"https:\/\/www.auersperg.at\/new\/?page_id=637"},"modified":"2024-10-11T09:45:43","modified_gmt":"2024-10-11T07:45:43","slug":"anreise","status":"publish","type":"page","link":"https:\/\/www.auersperg.at\/en\/anreise\/","title":{"rendered":"ARRIVAL"},"content":{"rendered":"<div data-elementor-type=\"wp-page\" data-elementor-id=\"637\" class=\"elementor elementor-637\" data-elementor-post-type=\"page\">\n\t\t\t\t\t\t<section class=\"elementor-section elementor-top-section elementor-element elementor-element-57fca11 elementor-section-height-min-height elementor-section-boxed elementor-section-height-default elementor-section-items-middle\" data-id=\"57fca11\" data-element_type=\"section\" data-e-type=\"section\" data-settings=\"{&quot;background_background&quot;:&quot;classic&quot;}\">\n\t\t\t\t\t\t<div class=\"elementor-container elementor-column-gap-default\">\n\t\t\t\t\t<div class=\"elementor-column elementor-col-100 elementor-top-column elementor-element elementor-element-c1a2881\" data-id=\"c1a2881\" data-element_type=\"column\" data-e-type=\"column\">\n\t\t\t<div class=\"elementor-widget-wrap\">\n\t\t\t\t\t\t\t<\/div>\n\t\t<\/div>\n\t\t\t\t\t<\/div>\n\t\t<\/section>\n\t\t\t\t<section class=\"elementor-section elementor-top-section elementor-element elementor-element-389f1bb1 elementor-section-boxed elementor-section-height-default elementor-section-height-default\" data-id=\"389f1bb1\" data-element_type=\"section\" data-e-type=\"section\" data-settings=\"{&quot;background_background&quot;:&quot;classic&quot;}\">\n\t\t\t\t\t\t<div class=\"elementor-container elementor-column-gap-default\">\n\t\t\t\t\t<div class=\"elementor-column elementor-col-100 elementor-top-column elementor-element elementor-element-835c244\" data-id=\"835c244\" data-element_type=\"column\" data-e-type=\"column\">\n\t\t\t<div class=\"elementor-widget-wrap elementor-element-populated\">\n\t\t\t\t\t\t<div class=\"elementor-element elementor-element-410277cf elementor-widget elementor-widget-heading\" data-id=\"410277cf\" data-element_type=\"widget\" data-e-type=\"widget\" data-widget_type=\"heading.default\">\n\t\t\t\t<div class=\"elementor-widget-container\">\n\t\t\t\t\t<h2 class=\"elementor-heading-title elementor-size-default\">Location<\/h2>\t\t\t\t<\/div>\n\t\t\t\t<\/div>\n\t\t\t\t<div class=\"elementor-element elementor-element-62c790ec elementor-widget elementor-widget-text-editor\" data-id=\"62c790ec\" data-element_type=\"widget\" data-e-type=\"widget\" data-widget_type=\"text-editor.default\">\n\t\t\t\t<div class=\"elementor-widget-container\">\n\t\t\t\t\t\t\t\t\t<p>Only a few metres away from the LINZERGASSE <br>Hotel &amp; Villa Auersperg is located in the middle of the ANDR\u00c4VIERTEL.<\/p>\n<p>Take a leisurely stroll along the famous shopping street <br>into the OLD TOWN (only a few minutes walk!) and&nbsp;<br>reach the famous SIGHTS OF SALZBURG.<\/p>\n<p>Enjoy the urban flair and <br>experience Salzburg up close...<\/p>\t\t\t\t\t\t\t\t<\/div>\n\t\t\t\t<\/div>\n\t\t\t\t\t<\/div>\n\t\t<\/div>\n\t\t\t\t\t<\/div>\n\t\t<\/section>\n\t\t\t\t<section class=\"elementor-section elementor-top-section elementor-element elementor-element-17e1584e elementor-section-boxed elementor-section-height-default elementor-section-height-default\" data-id=\"17e1584e\" data-element_type=\"section\" data-e-type=\"section\" data-settings=\"{&quot;background_background&quot;:&quot;classic&quot;}\">\n\t\t\t\t\t\t<div class=\"elementor-container elementor-column-gap-default\">\n\t\t\t\t\t<div class=\"elementor-column elementor-col-50 elementor-top-column elementor-element elementor-element-10bde61f\" data-id=\"10bde61f\" data-element_type=\"column\" data-e-type=\"column\">\n\t\t\t<div class=\"elementor-widget-wrap elementor-element-populated\">\n\t\t\t\t\t\t<div class=\"elementor-element elementor-element-5c29b1fb elementor-widget elementor-widget-heading\" data-id=\"5c29b1fb\" data-element_type=\"widget\" data-e-type=\"widget\" data-widget_type=\"heading.default\">\n\t\t\t\t<div class=\"elementor-widget-container\">\n\t\t\t\t\t<h2 class=\"elementor-heading-title elementor-size-default\">Arrival by car<\/h2>\t\t\t\t<\/div>\n\t\t\t\t<\/div>\n\t\t\t\t<div class=\"elementor-element elementor-element-66ebd799 elementor-widget elementor-widget-text-editor\" data-id=\"66ebd799\" data-element_type=\"widget\" data-e-type=\"widget\" data-widget_type=\"text-editor.default\">\n\t\t\t\t<div class=\"elementor-widget-container\">\n\t\t\t\t\t\t\t\t\t<p align=\"center\"><span style=\"color: #555555;\">Take the <\/span><span style=\"color: #6f896f;\">A1 - AUTOBAHNAUSFAHRT SALZBURG NORD <\/span>\u2013 towards the centre until you reach the mountain \u2013 then turn right \u2013 at the second intersection (with traffic lights) turn right into Auerspergstra\u00dfe.<\/p><div align=\"center\"><p><span style=\"color: #555555;\"><br \/>Direkt beim Hotel steht ein gro\u00dfer Parkplatz mit<br \/><\/span><span style=\"background-color: var( --e-global-color-text );\">einer limitierten Anzahl an <\/span><span style=\"background-color: var( --e-global-color-text );\"><span style=\"color: #6f896f;\">PARKING PLACES<br \/><\/span><\/span><span style=\"background-color: var( --e-global-color-text );\">(\u20ac 20 per night) available<br \/><\/span><span style=\"background-color: var( --e-global-color-text );\">(no pre-booking possible)<br \/><\/span><span style=\"background-color: var( --e-global-color-text );\">with 3 E-charging stations (refuelling for \u20ac 20).<\/span><\/p><p>Alternative:<b><br \/><\/b><a href=\"https:\/\/www.parken.at\/garage\/1028\/parkgarage-linzer-gasse\"><span style=\"color: #6f896f;\">PARKING GARAGE LINZER G<\/span><span style=\"color: #6f896f;\">ASSE<\/span><\/a><br \/>(\u20ac 19,90 per night, 300m from the Hotel)<\/p><h6>\u00a0<\/h6><\/div>\t\t\t\t\t\t\t\t<\/div>\n\t\t\t\t<\/div>\n\t\t\t\t\t<\/div>\n\t\t<\/div>\n\t\t\t\t<div class=\"elementor-column elementor-col-50 elementor-top-column elementor-element elementor-element-3e02d774\" data-id=\"3e02d774\" data-element_type=\"column\" data-e-type=\"column\">\n\t\t\t<div class=\"elementor-widget-wrap elementor-element-populated\">\n\t\t\t\t\t\t<div class=\"elementor-element elementor-element-5b060dd8 elementor-widget elementor-widget-image\" data-id=\"5b060dd8\" data-element_type=\"widget\" data-e-type=\"widget\" data-widget_type=\"image.default\">\n\t\t\t\t<div class=\"elementor-widget-container\">\n\t\t\t\t\t\t\t\t\t\t\t\t\t\t\t<img fetchpriority=\"high\" decoding=\"async\" width=\"800\" height=\"988\" src=\"https:\/\/www.auersperg.at\/wp-content\/uploads\/2023\/05\/Anreise-mit-Auto-829x1024.jpg\" class=\"attachment-large size-large wp-image-2054\" alt=\"\" srcset=\"https:\/\/www.auersperg.at\/wp-content\/uploads\/2023\/05\/Anreise-mit-Auto-829x1024.jpg 829w, https:\/\/www.auersperg.at\/wp-content\/uploads\/2023\/05\/Anreise-mit-Auto-243x300.jpg 243w, https:\/\/www.auersperg.at\/wp-content\/uploads\/2023\/05\/Anreise-mit-Auto-768x949.jpg 768w, https:\/\/www.auersperg.at\/wp-content\/uploads\/2023\/05\/Anreise-mit-Auto-10x12.jpg 10w, https:\/\/www.auersperg.at\/wp-content\/uploads\/2023\/05\/Anreise-mit-Auto.jpg 1080w\" sizes=\"(max-width: 800px) 100vw, 800px\" \/>\t\t\t\t\t\t\t\t\t\t\t\t\t\t\t<\/div>\n\t\t\t\t<\/div>\n\t\t\t\t\t<\/div>\n\t\t<\/div>\n\t\t\t\t\t<\/div>\n\t\t<\/section>\n\t\t\t\t<section class=\"elementor-section elementor-top-section elementor-element elementor-element-ff70237 elementor-section-boxed elementor-section-height-default elementor-section-height-default\" data-id=\"ff70237\" data-element_type=\"section\" data-e-type=\"section\">\n\t\t\t\t\t\t<div class=\"elementor-container elementor-column-gap-default\">\n\t\t\t\t\t<div class=\"elementor-column elementor-col-100 elementor-top-column elementor-element elementor-element-e5bc99b\" data-id=\"e5bc99b\" data-element_type=\"column\" data-e-type=\"column\">\n\t\t\t<div class=\"elementor-widget-wrap elementor-element-populated\">\n\t\t\t\t\t\t<div class=\"elementor-element elementor-element-1896192 elementor-widget elementor-widget-google_maps\" data-id=\"1896192\" data-element_type=\"widget\" data-e-type=\"widget\" data-widget_type=\"google_maps.default\">\n\t\t\t\t<div class=\"elementor-widget-container\">\n\t\t\t\t\t\t\t<div class=\"elementor-custom-embed\">\n\t\t\t<iframe loading=\"lazy\"\n\t\t\t\t\tsrc=\"https:\/\/maps.google.com\/maps?q=Hotel%20Auersperg&#038;t=m&#038;z=13&#038;output=embed&#038;iwloc=near\"\n\t\t\t\t\ttitle=\"Hotel Auersperg\"\n\t\t\t\t\taria-label=\"Hotel Auersperg\"\n\t\t\t><\/iframe>\n\t\t<\/div>\n\t\t\t\t\t\t<\/div>\n\t\t\t\t<\/div>\n\t\t\t\t\t<\/div>\n\t\t<\/div>\n\t\t\t\t\t<\/div>\n\t\t<\/section>\n\t\t\t\t<section class=\"elementor-section elementor-top-section elementor-element elementor-element-60555e6 elementor-section-boxed elementor-section-height-default elementor-section-height-default\" data-id=\"60555e6\" data-element_type=\"section\" data-e-type=\"section\" data-settings=\"{&quot;background_background&quot;:&quot;classic&quot;}\">\n\t\t\t\t\t\t<div class=\"elementor-container elementor-column-gap-default\">\n\t\t\t\t\t<div class=\"elementor-column elementor-col-50 elementor-top-column elementor-element elementor-element-4e5c937\" data-id=\"4e5c937\" data-element_type=\"column\" data-e-type=\"column\">\n\t\t\t<div class=\"elementor-widget-wrap elementor-element-populated\">\n\t\t\t\t\t\t<div class=\"elementor-element elementor-element-c747141 elementor-widget elementor-widget-heading\" data-id=\"c747141\" data-element_type=\"widget\" data-e-type=\"widget\" data-widget_type=\"heading.default\">\n\t\t\t\t<div class=\"elementor-widget-container\">\n\t\t\t\t\t<h2 class=\"elementor-heading-title elementor-size-default\">... by train<\/h2>\t\t\t\t<\/div>\n\t\t\t\t<\/div>\n\t\t\t\t<div class=\"elementor-element elementor-element-0692c8a elementor-widget elementor-widget-text-editor\" data-id=\"0692c8a\" data-element_type=\"widget\" data-e-type=\"widget\" data-widget_type=\"text-editor.default\">\n\t\t\t\t<div class=\"elementor-widget-container\">\n\t\t\t\t\t\t\t\t\t<p align=\"center\">The nearest train station is Salzburg Central Station.<\/p>\n<p>From there it is a approx. 10 minutes walk <br>to Hotel &amp; Villa Auersperg. <br>By taxi or <br>the trolley bus line 2 <br>to \"Stelzhamerstra\u00dfe\" station <br>it is only a few minutes.<\/p>\t\t\t\t\t\t\t\t<\/div>\n\t\t\t\t<\/div>\n\t\t\t\t<div class=\"elementor-element elementor-element-48372bb elementor-align-center elementor-widget elementor-widget-button\" data-id=\"48372bb\" data-element_type=\"widget\" data-e-type=\"widget\" data-widget_type=\"button.default\">\n\t\t\t\t<div class=\"elementor-widget-container\">\n\t\t\t\t\t\t\t\t\t<div class=\"elementor-button-wrapper\">\n\t\t\t\t\t<a class=\"elementor-button elementor-button-link elementor-size-sm\" href=\"https:\/\/fahrplan.oebb.at\/bin\/query.exe\/dn?L=vs_addr&#038;Z=5020%20Salzburg,%20Auerspergstra%DFe%2061&#038;SADR=1&#038;ZADR=1&#038;start=1\">\n\t\t\t\t\t\t<span class=\"elementor-button-content-wrapper\">\n\t\t\t\t\t\t\t\t\t<span class=\"elementor-button-text\">Train connections<\/span>\n\t\t\t\t\t<\/span>\n\t\t\t\t\t<\/a>\n\t\t\t\t<\/div>\n\t\t\t\t\t\t\t\t<\/div>\n\t\t\t\t<\/div>\n\t\t\t\t\t<\/div>\n\t\t<\/div>\n\t\t\t\t<div class=\"elementor-column elementor-col-50 elementor-top-column elementor-element elementor-element-3c5fe21\" data-id=\"3c5fe21\" data-element_type=\"column\" data-e-type=\"column\">\n\t\t\t<div class=\"elementor-widget-wrap elementor-element-populated\">\n\t\t\t\t\t\t<div class=\"elementor-element elementor-element-e094cf4 elementor-widget elementor-widget-heading\" data-id=\"e094cf4\" data-element_type=\"widget\" data-e-type=\"widget\" data-widget_type=\"heading.default\">\n\t\t\t\t<div class=\"elementor-widget-container\">\n\t\t\t\t\t<h2 class=\"elementor-heading-title elementor-size-default\">... by plane<\/h2>\t\t\t\t<\/div>\n\t\t\t\t<\/div>\n\t\t\t\t<div class=\"elementor-element elementor-element-383b3fc elementor-widget elementor-widget-text-editor\" data-id=\"383b3fc\" data-element_type=\"widget\" data-e-type=\"widget\" data-widget_type=\"text-editor.default\">\n\t\t\t\t<div class=\"elementor-widget-container\">\n\t\t\t\t\t\t\t\t\t<p align=\"center\">Salzburg Airport:<\/p><p align=\"center\">By taxi it is a journey of about 10-15 minutes. The ride costs about 15 - 20 \u20ac.<\/p><p>By trolley bus line 2 to \"Stelzhamerstra\u00dfe\" near the hotel.<\/p>\t\t\t\t\t\t\t\t<\/div>\n\t\t\t\t<\/div>\n\t\t\t\t<div class=\"elementor-element elementor-element-7ab64f5 elementor-align-center elementor-widget elementor-widget-button\" data-id=\"7ab64f5\" data-element_type=\"widget\" data-e-type=\"widget\" data-widget_type=\"button.default\">\n\t\t\t\t<div class=\"elementor-widget-container\">\n\t\t\t\t\t\t\t\t\t<div class=\"elementor-button-wrapper\">\n\t\t\t\t\t<a class=\"elementor-button elementor-button-link elementor-size-sm\" href=\"http:\/\/www.salzburg-airport.com\">\n\t\t\t\t\t\t<span class=\"elementor-button-content-wrapper\">\n\t\t\t\t\t\t\t\t\t<span class=\"elementor-button-text\">Salzburg Airport<\/span>\n\t\t\t\t\t<\/span>\n\t\t\t\t\t<\/a>\n\t\t\t\t<\/div>\n\t\t\t\t\t\t\t\t<\/div>\n\t\t\t\t<\/div>\n\t\t\t\t<div class=\"elementor-element elementor-element-7b2d664 elementor-widget elementor-widget-text-editor\" data-id=\"7b2d664\" data-element_type=\"widget\" data-e-type=\"widget\" data-widget_type=\"text-editor.default\">\n\t\t\t\t<div class=\"elementor-widget-container\">\n\t\t\t\t\t\t\t\t\t<p align=\"center\">Munich Airport:<\/p><p>Munich Airport is approx. 2 hours away from the city of Salzburg. The journey to Salzburg can be accomplished by train (cheap Bayernticket) or also with a special transfer shuttle.<\/p>\t\t\t\t\t\t\t\t<\/div>\n\t\t\t\t<\/div>\n\t\t\t\t<div class=\"elementor-element elementor-element-3141702 elementor-align-center elementor-widget elementor-widget-button\" data-id=\"3141702\" data-element_type=\"widget\" data-e-type=\"widget\" data-widget_type=\"button.default\">\n\t\t\t\t<div class=\"elementor-widget-container\">\n\t\t\t\t\t\t\t\t\t<div class=\"elementor-button-wrapper\">\n\t\t\t\t\t<a class=\"elementor-button elementor-button-link elementor-size-sm\" href=\"http:\/\/www.munich-airport.de\">\n\t\t\t\t\t\t<span class=\"elementor-button-content-wrapper\">\n\t\t\t\t\t\t\t\t\t<span class=\"elementor-button-text\">Munich Airport<\/span>\n\t\t\t\t\t<\/span>\n\t\t\t\t\t<\/a>\n\t\t\t\t<\/div>\n\t\t\t\t\t\t\t\t<\/div>\n\t\t\t\t<\/div>\n\t\t\t\t\t<\/div>\n\t\t<\/div>\n\t\t\t\t\t<\/div>\n\t\t<\/section>\n\t\t\t\t<\/div>","protected":false},"excerpt":{"rendered":"<p>Lage Nur wenige Meter entfernt zur LINZERGASSE liegt das Hotel &amp; Villa Auersperg mitten im ANDR\u00c4VIERTEL. Spazieren Sie gem\u00fctlich \u00fcber die bekannte Einkaufstrasse in die ALTSTADT (nur wenige Gehminuten!) und&nbsp;erreichen so&nbsp;die ber\u00fchmten&nbsp;SEHENSW\u00dcRDIGKEITEN von SALZBURG. Genie\u00dfen Sie das urbane Flair und erleben Sie Salzburg hautnah&#8230; Anreise mit dem Auto Nehmen Sie die A1 -AUTOBAHNAUSFAHRT SALZBURG NORD [&hellip;]<\/p>\n","protected":false},"author":3,"featured_media":0,"parent":0,"menu_order":0,"comment_status":"closed","ping_status":"closed","template":"","meta":{"footnotes":""},"class_list":["post-637","page","type-page","status-publish","hentry"],"_links":{"self":[{"href":"https:\/\/www.auersperg.at\/en\/wp-json\/wp\/v2\/pages\/637","targetHints":{"allow":["GET"]}}],"collection":[{"href":"https:\/\/www.auersperg.at\/en\/wp-json\/wp\/v2\/pages"}],"about":[{"href":"https:\/\/www.auersperg.at\/en\/wp-json\/wp\/v2\/types\/page"}],"author":[{"embeddable":true,"href":"https:\/\/www.auersperg.at\/en\/wp-json\/wp\/v2\/users\/3"}],"replies":[{"embeddable":true,"href":"https:\/\/www.auersperg.at\/en\/wp-json\/wp\/v2\/comments?post=637"}],"version-history":[{"count":52,"href":"https:\/\/www.auersperg.at\/en\/wp-json\/wp\/v2\/pages\/637\/revisions"}],"predecessor-version":[{"id":4548,"href":"https:\/\/www.auersperg.at\/en\/wp-json\/wp\/v2\/pages\/637\/revisions\/4548"}],"wp:attachment":[{"href":"https:\/\/www.auersperg.at\/en\/wp-json\/wp\/v2\/media?parent=637"}],"curies":[{"name":"wp","href":"https:\/\/api.w.org\/{rel}","templated":true}]}}